{"id":1292,"date":"2026-01-21T17:32:15","date_gmt":"2026-01-21T16:32:15","guid":{"rendered":"https:\/\/swisswhoswho.ch\/?page_id=1292"},"modified":"2026-04-17T10:34:15","modified_gmt":"2026-04-17T08:34:15","slug":"swiss-whos-who-kalender","status":"publish","type":"page","link":"https:\/\/swisswhoswho.ch\/de\/swiss-whos-who-kalender\/","title":{"rendered":"Swiss Who's Who-Kalender"},"content":{"rendered":"<div data-elementor-type=\"wp-page\" data-elementor-id=\"1292\" class=\"elementor elementor-1292\" data-elementor-post-type=\"page\">\n\t\t\t\t<div class=\"elementor-element elementor-element-889dc54 e-flex e-con-boxed e-con e-parent\" data-id=\"889dc54\" data-element_type=\"container\" data-e-type=\"container\" data-settings=\"{&quot;background_background&quot;:&quot;classic&quot;}\">\n\t\t\t\t\t<div class=\"e-con-inner\">\n\t\t\t\t<div class=\"elementor-element elementor-element-f00a06e elementor-widget__width-initial elementor-widget elementor-widget-heading\" data-id=\"f00a06e\" data-element_type=\"widget\" data-e-type=\"widget\" data-widget_type=\"heading.default\">\n\t\t\t\t\t<h1 class=\"elementor-heading-title elementor-size-default\">Der Kalender des Swiss Who's Who<\/h1>\t\t\t\t<\/div>\n\t\t<div class=\"elementor-element elementor-element-272f4e8 e-con-full e-flex e-con e-child\" data-id=\"272f4e8\" data-element_type=\"container\" data-e-type=\"container\">\n\t\t\t\t<div class=\"elementor-element elementor-element-aaa538f elementor-mobile-align-justify elementor-widget-mobile__width-inherit elementor-widget elementor-widget-button\" data-id=\"aaa538f\" data-element_type=\"widget\" data-e-type=\"widget\" data-widget_type=\"button.default\">\n\t\t\t\t\t\t\t\t\t\t<a class=\"elementor-button elementor-button-link elementor-size-sm\" href=\"https:\/\/swisswhoswho.ch\/de\/shop-angebote\/\">\n\t\t\t\t\t\t<span class=\"elementor-button-content-wrapper\">\n\t\t\t\t\t\t\t\t\t<span class=\"elementor-button-text\">Mitglied werden<\/span>\n\t\t\t\t\t<\/span>\n\t\t\t\t\t<\/a>\n\t\t\t\t\t\t\t\t<\/div>\n\t\t\t\t<div class=\"elementor-element elementor-element-cf56967 elementor-mobile-align-justify elementor-widget-mobile__width-inherit elementor-widget elementor-widget-button\" data-id=\"cf56967\" data-element_type=\"widget\" data-e-type=\"widget\" data-widget_type=\"button.default\">\n\t\t\t\t\t\t\t\t\t\t<a class=\"elementor-button elementor-button-link elementor-size-sm\" href=\"https:\/\/swisswhoswho.ch\/de\/contact-join\/\">\n\t\t\t\t\t\t<span class=\"elementor-button-content-wrapper\">\n\t\t\t\t\t\t\t\t\t<span class=\"elementor-button-text\">Kontakt aufnehmen<\/span>\n\t\t\t\t\t<\/span>\n\t\t\t\t\t<\/a>\n\t\t\t\t\t\t\t\t<\/div>\n\t\t\t\t<\/div>\n\t\t\t\t\t<\/div>\n\t\t\t\t<\/div>\n\t\t<div class=\"elementor-element elementor-element-4320969 e-flex e-con-boxed e-con e-parent\" data-id=\"4320969\" data-element_type=\"container\" data-e-type=\"container\">\n\t\t\t\t\t<div class=\"e-con-inner\">\n\t\t\t\t<div class=\"elementor-element elementor-element-5b33ec9 elementor-widget__width-inherit elementor-widget elementor-widget-text-editor\" data-id=\"5b33ec9\" data-element_type=\"widget\" data-e-type=\"widget\" data-widget_type=\"text-editor.default\">\n\t\t\t\t\t\t\t\t\t<p>Die Ereignisse vom <em>Swiss Who's Who<\/em> kn\u00fcpfen an die Dynamik an <strong>des Clubs<\/strong>. Das ganze Jahr \u00fcber finden sie in verschiedenen Formen statt - thematische Treffen, vertrauliche Formate, institutionelle H\u00f6hepunkte - und spiegeln die Vielfalt der vom Netzwerk getragenen Initiativen wider.<\/p><p>Jedes Treffen bringt engagierte Mitglieder zu einem inhaltlichen Austausch zusammen, in einem Rahmen, der so gew\u00e4hlt ist, dass er Reflexion, Verbindungen und das Entstehen neuer Kooperationen f\u00f6rdert. Der Kalender wird regelm\u00e4\u00dfig weiterentwickelt, um neue Veranstaltungen und Begegnungsm\u00f6glichkeiten zu integrieren.<\/p>\t\t\t\t\t\t\t\t<\/div>\n\t\t\t\t<div class=\"elementor-element elementor-element-827b213 elementor-widget elementor-widget-text-editor\" data-id=\"827b213\" data-element_type=\"widget\" data-e-type=\"widget\" data-widget_type=\"text-editor.default\">\n\t\t\t\t\t\t\t\t\t<h3><strong>M\u00e4rz 2026<\/strong><\/h3>\n<p><span style=\"font-weight: 400;\">SWW Swiss Who's Who Women Awards, <strong>19.03.2026<\/strong>, Beau-Rivage Palace Lausanne<\/span><\/p>\n<h3><strong>Mai 2026<\/strong><\/h3>\n<p><span style=\"font-weight: 400;\">SWW Swiss Who's Who NextGen Awards, <strong>21.05.2026<\/strong>, EHL Lausanne<br><\/span><span style=\"font-weight: 400;\">SWW Wine Club Diner <strong>28.05.2026<\/strong>, EHL<br><\/span><span style=\"font-weight: 400;\">SWW Wine Club, <strong>29.05.2026<\/strong>, Lausanne Palace<\/span><\/p>\n<h3><strong>Juni 2026<\/strong><\/h3>\n<p>WealthTech Lunch, <b>17.06.2026<\/b>, Kraftwerk Z\u00fcrich <br>(Geneva und Lugano werden in K\u00fcrze best\u00e4tigt)<\/p>\n<h3><strong>September 2026<\/strong><\/h3>\n<p><span style=\"font-weight: 400;\">GlobalTech Summit, <strong>01.09.2026<\/strong>, Royal Savoy Lausanne<\/span><\/p>\n<h3><strong>November 2026<\/strong><\/h3>\n<p><span style=\"font-weight: 400;\">SWW Swiss Who's Who Annual Meeting, <strong>17.11.2026<\/strong>, Four Seasons Hotel des Bergues Geneva<br>SWW Swiss Who's Who Talent Awards, <strong>27.11.2026<\/strong>, Schule Les Roches Crans-Montana<br>Charity Event <strong>17.11.2026<\/strong> - side event SWW Annual Meeting<br><\/span><\/p>\n<h3>&nbsp;<\/h3>\n<h3><strong>Agenda Montreux Jazz Club<\/strong><\/h3>\n<p><em><a style=\"color: #fd7a3c;\" href=\"https:\/\/www.mjclub-millennium.ch\/fr\/agenda-evenements#evenements\" target=\"_blank\" rel=\"noopener\">Nachschlagen &gt; <\/a><\/em><\/p>\n<p><span style=\"font-weight: 400;\">&nbsp;<\/span><\/p>\t\t\t\t\t\t\t\t<\/div>\n\t\t\t\t\t<\/div>\n\t\t\t\t<\/div>\n\t\t\t\t<\/div>","protected":false},"excerpt":{"rendered":"<p>Le Calendrier du Swiss Who&rsquo;s Who Devenir membre Prendre contact Les \u00e9v\u00e9nements du Swiss Who\u2019s Who s\u2019inscrivent dans la continuit\u00e9 de la dynamique du Club. Tout au long de l\u2019ann\u00e9e, ils prennent diff\u00e9rentes formes \u2014 rencontres th\u00e9matiques, formats confidentiels, temps forts institutionnels \u2014 et refl\u00e8tent la diversit\u00e9 des initiatives port\u00e9es par le r\u00e9seau. Chaque rendez-vous [&hellip;]<\/p>","protected":false},"author":1,"featured_media":0,"parent":0,"menu_order":0,"comment_status":"closed","ping_status":"closed","template":"","meta":{"_acf_changed":false,"pmpro_default_level":"","footnotes":""},"class_list":["post-1292","page","type-page","status-publish","hentry","pmpro-has-access"],"acf":[],"yoast_head":"<!-- This site is optimized with the Yoast SEO plugin v26.8 - https:\/\/yoast.com\/product\/yoast-seo-wordpress\/ -->\n<title>Calendrier Swiss Who&#039;s Who - Swiss Who&#039;s Who<\/title>\n<meta name=\"robots\" content=\"index, follow, max-snippet:-1, max-image-preview:large, max-video-preview:-1\" \/>\n<link rel=\"canonical\" href=\"https:\/\/swisswhoswho.ch\/de\/swiss-whos-who-kalender\/\" \/>\n<meta property=\"og:locale\" content=\"de_DE\" \/>\n<meta property=\"og:type\" content=\"article\" \/>\n<meta property=\"og:title\" content=\"Calendrier Swiss Who&#039;s Who - Swiss Who&#039;s Who\" \/>\n<meta property=\"og:description\" content=\"Le Calendrier du Swiss Who&rsquo;s Who Devenir membre Prendre contact Les \u00e9v\u00e9nements du Swiss Who\u2019s Who s\u2019inscrivent dans la continuit\u00e9 de la dynamique du Club. Tout au long de l\u2019ann\u00e9e, ils prennent diff\u00e9rentes formes \u2014 rencontres th\u00e9matiques, formats confidentiels, temps forts institutionnels \u2014 et refl\u00e8tent la diversit\u00e9 des initiatives port\u00e9es par le r\u00e9seau. Chaque rendez-vous [&hellip;]\" \/>\n<meta property=\"og:url\" content=\"https:\/\/swisswhoswho.ch\/de\/swiss-whos-who-kalender\/\" \/>\n<meta property=\"og:site_name\" content=\"Swiss Who&#039;s Who\" \/>\n<meta property=\"article:modified_time\" content=\"2026-04-17T08:34:15+00:00\" \/>\n<meta name=\"twitter:card\" content=\"summary_large_image\" \/>\n<meta name=\"twitter:label1\" content=\"Gesch\u00e4tzte Lesezeit\" \/>\n\t<meta name=\"twitter:data1\" content=\"1\u00a0Minute\" \/>\n<script type=\"application\/ld+json\" class=\"yoast-schema-graph\">{\"@context\":\"https:\/\/schema.org\",\"@graph\":[{\"@type\":\"WebPage\",\"@id\":\"https:\/\/swisswhoswho.ch\/calendrier-swiss-whos-who\/\",\"url\":\"https:\/\/swisswhoswho.ch\/calendrier-swiss-whos-who\/\",\"name\":\"Calendrier Swiss Who's Who - Swiss Who&#039;s Who\",\"isPartOf\":{\"@id\":\"https:\/\/swisswhoswho.ch\/#website\"},\"datePublished\":\"2026-01-21T16:32:15+00:00\",\"dateModified\":\"2026-04-17T08:34:15+00:00\",\"breadcrumb\":{\"@id\":\"https:\/\/swisswhoswho.ch\/calendrier-swiss-whos-who\/#breadcrumb\"},\"inLanguage\":\"de\",\"potentialAction\":[{\"@type\":\"ReadAction\",\"target\":[\"https:\/\/swisswhoswho.ch\/calendrier-swiss-whos-who\/\"]}]},{\"@type\":\"BreadcrumbList\",\"@id\":\"https:\/\/swisswhoswho.ch\/calendrier-swiss-whos-who\/#breadcrumb\",\"itemListElement\":[{\"@type\":\"ListItem\",\"position\":1,\"name\":\"Accueil\",\"item\":\"https:\/\/swisswhoswho.ch\/\"},{\"@type\":\"ListItem\",\"position\":2,\"name\":\"Calendrier Swiss Who&rsquo;s Who\"}]},{\"@type\":\"WebSite\",\"@id\":\"https:\/\/swisswhoswho.ch\/#website\",\"url\":\"https:\/\/swisswhoswho.ch\/\",\"name\":\"Swiss Who's Who\",\"description\":\"\",\"publisher\":{\"@id\":\"https:\/\/swisswhoswho.ch\/#organization\"},\"potentialAction\":[{\"@type\":\"SearchAction\",\"target\":{\"@type\":\"EntryPoint\",\"urlTemplate\":\"https:\/\/swisswhoswho.ch\/?s={search_term_string}\"},\"query-input\":{\"@type\":\"PropertyValueSpecification\",\"valueRequired\":true,\"valueName\":\"search_term_string\"}}],\"inLanguage\":\"de\"},{\"@type\":\"Organization\",\"@id\":\"https:\/\/swisswhoswho.ch\/#organization\",\"name\":\"Swiss Who's Who\",\"url\":\"https:\/\/swisswhoswho.ch\/\",\"logo\":{\"@type\":\"ImageObject\",\"inLanguage\":\"de\",\"@id\":\"https:\/\/swisswhoswho.ch\/#\/schema\/logo\/image\/\",\"url\":\"https:\/\/swisswhoswho.ch\/wp-content\/uploads\/2025\/11\/Logo-SWW.png\",\"contentUrl\":\"https:\/\/swisswhoswho.ch\/wp-content\/uploads\/2025\/11\/Logo-SWW.png\",\"width\":107,\"height\":62,\"caption\":\"Swiss Who's Who\"},\"image\":{\"@id\":\"https:\/\/swisswhoswho.ch\/#\/schema\/logo\/image\/\"}}]}<\/script>\n<!-- \/ Yoast SEO plugin. -->","yoast_head_json":{"title":"Swiss Who's Who Kalender - Swiss Who's Who","robots":{"index":"index","follow":"follow","max-snippet":"max-snippet:-1","max-image-preview":"max-image-preview:large","max-video-preview":"max-video-preview:-1"},"canonical":"https:\/\/swisswhoswho.ch\/de\/swiss-whos-who-kalender\/","og_locale":"de_DE","og_type":"article","og_title":"Calendrier Swiss Who's Who - Swiss Who&#039;s Who","og_description":"Le Calendrier du Swiss Who&rsquo;s Who Devenir membre Prendre contact Les \u00e9v\u00e9nements du Swiss Who\u2019s Who s\u2019inscrivent dans la continuit\u00e9 de la dynamique du Club. Tout au long de l\u2019ann\u00e9e, ils prennent diff\u00e9rentes formes \u2014 rencontres th\u00e9matiques, formats confidentiels, temps forts institutionnels \u2014 et refl\u00e8tent la diversit\u00e9 des initiatives port\u00e9es par le r\u00e9seau. Chaque rendez-vous [&hellip;]","og_url":"https:\/\/swisswhoswho.ch\/de\/swiss-whos-who-kalender\/","og_site_name":"Swiss Who&#039;s Who","article_modified_time":"2026-04-17T08:34:15+00:00","twitter_card":"summary_large_image","twitter_misc":{"Gesch\u00e4tzte Lesezeit":"1\u00a0Minute"},"schema":{"@context":"https:\/\/schema.org","@graph":[{"@type":"WebPage","@id":"https:\/\/swisswhoswho.ch\/calendrier-swiss-whos-who\/","url":"https:\/\/swisswhoswho.ch\/calendrier-swiss-whos-who\/","name":"Swiss Who's Who Kalender - Swiss Who's Who","isPartOf":{"@id":"https:\/\/swisswhoswho.ch\/#website"},"datePublished":"2026-01-21T16:32:15+00:00","dateModified":"2026-04-17T08:34:15+00:00","breadcrumb":{"@id":"https:\/\/swisswhoswho.ch\/calendrier-swiss-whos-who\/#breadcrumb"},"inLanguage":"de","potentialAction":[{"@type":"ReadAction","target":["https:\/\/swisswhoswho.ch\/calendrier-swiss-whos-who\/"]}]},{"@type":"BreadcrumbList","@id":"https:\/\/swisswhoswho.ch\/calendrier-swiss-whos-who\/#breadcrumb","itemListElement":[{"@type":"ListItem","position":1,"name":"Accueil","item":"https:\/\/swisswhoswho.ch\/"},{"@type":"ListItem","position":2,"name":"Calendrier Swiss Who&rsquo;s Who"}]},{"@type":"WebSite","@id":"https:\/\/swisswhoswho.ch\/#website","url":"https:\/\/swisswhoswho.ch\/","name":"Swiss Who's Who","description":"","publisher":{"@id":"https:\/\/swisswhoswho.ch\/#organization"},"potentialAction":[{"@type":"SearchAction","target":{"@type":"EntryPoint","urlTemplate":"https:\/\/swisswhoswho.ch\/?s={search_term_string}"},"query-input":{"@type":"PropertyValueSpecification","valueRequired":true,"valueName":"search_term_string"}}],"inLanguage":"de"},{"@type":"Organization","@id":"https:\/\/swisswhoswho.ch\/#organization","name":"Swiss Who's Who","url":"https:\/\/swisswhoswho.ch\/","logo":{"@type":"ImageObject","inLanguage":"de","@id":"https:\/\/swisswhoswho.ch\/#\/schema\/logo\/image\/","url":"https:\/\/swisswhoswho.ch\/wp-content\/uploads\/2025\/11\/Logo-SWW.png","contentUrl":"https:\/\/swisswhoswho.ch\/wp-content\/uploads\/2025\/11\/Logo-SWW.png","width":107,"height":62,"caption":"Swiss Who's Who"},"image":{"@id":"https:\/\/swisswhoswho.ch\/#\/schema\/logo\/image\/"}}]}},"_links":{"self":[{"href":"https:\/\/swisswhoswho.ch\/de\/wp-json\/wp\/v2\/pages\/1292","targetHints":{"allow":["GET"]}}],"collection":[{"href":"https:\/\/swisswhoswho.ch\/de\/wp-json\/wp\/v2\/pages"}],"about":[{"href":"https:\/\/swisswhoswho.ch\/de\/wp-json\/wp\/v2\/types\/page"}],"author":[{"embeddable":true,"href":"https:\/\/swisswhoswho.ch\/de\/wp-json\/wp\/v2\/users\/1"}],"replies":[{"embeddable":true,"href":"https:\/\/swisswhoswho.ch\/de\/wp-json\/wp\/v2\/comments?post=1292"}],"version-history":[{"count":25,"href":"https:\/\/swisswhoswho.ch\/de\/wp-json\/wp\/v2\/pages\/1292\/revisions"}],"predecessor-version":[{"id":1722,"href":"https:\/\/swisswhoswho.ch\/de\/wp-json\/wp\/v2\/pages\/1292\/revisions\/1722"}],"wp:attachment":[{"href":"https:\/\/swisswhoswho.ch\/de\/wp-json\/wp\/v2\/media?parent=1292"}],"curies":[{"name":"wp","href":"https:\/\/api.w.org\/{rel}","templated":true}]}}