{"id":1259,"date":"2026-01-21T16:08:02","date_gmt":"2026-01-21T15:08:02","guid":{"rendered":"https:\/\/swisswhoswho.ch\/?page_id=1259"},"modified":"2026-01-23T10:57:13","modified_gmt":"2026-01-23T09:57:13","slug":"photo-and-video-gallery","status":"publish","type":"page","link":"https:\/\/swisswhoswho.ch\/en\/photo-and-video-gallery\/","title":{"rendered":"Photo and video gallery"},"content":{"rendered":"<div data-elementor-type=\"wp-page\" data-elementor-id=\"1259\" class=\"elementor elementor-1259\" data-elementor-post-type=\"page\">\n\t\t\t\t<div class=\"elementor-element elementor-element-bd882d5 e-flex e-con-boxed e-con e-parent\" data-id=\"bd882d5\" data-element_type=\"container\" data-e-type=\"container\" data-settings=\"{&quot;background_background&quot;:&quot;classic&quot;}\">\n\t\t\t\t\t<div class=\"e-con-inner\">\n\t\t\t\t<div class=\"elementor-element elementor-element-bc6a1dd elementor-widget__width-inherit elementor-widget elementor-widget-heading\" data-id=\"bc6a1dd\" data-element_type=\"widget\" data-e-type=\"widget\" data-widget_type=\"heading.default\">\n\t\t\t\t\t<h1 class=\"elementor-heading-title elementor-size-default\">Photo and video gallery\nof the Swiss Who's Who\n<\/h1>\t\t\t\t<\/div>\n\t\t<div class=\"elementor-element elementor-element-95f0f9d e-con-full e-flex e-con e-child\" data-id=\"95f0f9d\" data-element_type=\"container\" data-e-type=\"container\">\n\t\t\t\t<div class=\"elementor-element elementor-element-cd95f5b elementor-mobile-align-justify elementor-widget-mobile__width-inherit elementor-widget elementor-widget-button\" data-id=\"cd95f5b\" data-element_type=\"widget\" data-e-type=\"widget\" data-widget_type=\"button.default\">\n\t\t\t\t\t\t\t\t\t\t<a class=\"elementor-button elementor-button-link elementor-size-sm\" href=\"https:\/\/swisswhoswho.ch\/en\/shop-offers\/\">\n\t\t\t\t\t\t<span class=\"elementor-button-content-wrapper\">\n\t\t\t\t\t\t\t\t\t<span class=\"elementor-button-text\">Become a member<\/span>\n\t\t\t\t\t<\/span>\n\t\t\t\t\t<\/a>\n\t\t\t\t\t\t\t\t<\/div>\n\t\t\t\t<div class=\"elementor-element elementor-element-9ec850e elementor-mobile-align-justify elementor-widget-mobile__width-inherit elementor-widget elementor-widget-button\" data-id=\"9ec850e\" data-element_type=\"widget\" data-e-type=\"widget\" data-widget_type=\"button.default\">\n\t\t\t\t\t\t\t\t\t\t<a class=\"elementor-button elementor-button-link elementor-size-sm\" href=\"https:\/\/swisswhoswho.ch\/en\/contact-join\/\">\n\t\t\t\t\t\t<span class=\"elementor-button-content-wrapper\">\n\t\t\t\t\t\t\t\t\t<span class=\"elementor-button-text\">Contact us<\/span>\n\t\t\t\t\t<\/span>\n\t\t\t\t\t<\/a>\n\t\t\t\t\t\t\t\t<\/div>\n\t\t\t\t<\/div>\n\t\t\t\t\t<\/div>\n\t\t\t\t<\/div>\n\t\t<div class=\"elementor-element elementor-element-e529ea6 e-flex e-con-boxed e-con e-parent\" data-id=\"e529ea6\" data-element_type=\"container\" data-e-type=\"container\" data-settings=\"{&quot;background_background&quot;:&quot;classic&quot;}\">\n\t\t\t\t\t<div class=\"e-con-inner\">\n\t\t<div class=\"elementor-element elementor-element-db420a0 e-con-full e-flex e-con e-child\" data-id=\"db420a0\" data-element_type=\"container\" data-e-type=\"container\">\n\t\t<div class=\"elementor-element elementor-element-32b49a7 e-con-full e-flex e-con e-child\" data-id=\"32b49a7\" data-element_type=\"container\" data-e-type=\"container\">\n\t\t\t\t<div class=\"elementor-element elementor-element-fbf20a4 elementor-view-stacked elementor-shape-square elementor-widget__width-initial elementor-widget-mobile__width-auto elementor-widget elementor-widget-icon\" data-id=\"fbf20a4\" data-element_type=\"widget\" data-e-type=\"widget\" data-widget_type=\"icon.default\">\n\t\t\t\t\t\t\t<div class=\"elementor-icon-wrapper\">\n\t\t\t<div class=\"elementor-icon\">\n\t\t\t<svg aria-hidden=\"true\" class=\"e-font-icon-svg e-fas-photo-video\" viewbox=\"0 0 640 512\" xmlns=\"http:\/\/www.w3.org\/2000\/svg\"><path d=\"M608 0H160a32 32 0 0 0-32 32v96h160V64h192v320h128a32 32 0 0 0 32-32V32a32 32 0 0 0-32-32zM232 103a9 9 0 0 1-9 9h-30a9 9 0 0 1-9-9V73a9 9 0 0 1 9-9h30a9 9 0 0 1 9 9zm352 208a9 9 0 0 1-9 9h-30a9 9 0 0 1-9-9v-30a9 9 0 0 1 9-9h30a9 9 0 0 1 9 9zm0-104a9 9 0 0 1-9 9h-30a9 9 0 0 1-9-9v-30a9 9 0 0 1 9-9h30a9 9 0 0 1 9 9zm0-104a9 9 0 0 1-9 9h-30a9 9 0 0 1-9-9V73a9 9 0 0 1 9-9h30a9 9 0 0 1 9 9zm-168 57H32a32 32 0 0 0-32 32v288a32 32 0 0 0 32 32h384a32 32 0 0 0 32-32V192a32 32 0 0 0-32-32zM96 224a32 32 0 1 1-32 32 32 32 0 0 1 32-32zm288 224H64v-32l64-64 32 32 128-128 96 96z\"><\/path><\/svg>\t\t\t<\/div>\n\t\t<\/div>\n\t\t\t\t\t\t<\/div>\n\t\t\t\t<div class=\"elementor-element elementor-element-c019981 elementor-widget-mobile__width-inherit elementor-widget__width-auto elementor-widget elementor-widget-heading\" data-id=\"c019981\" data-element_type=\"widget\" data-e-type=\"widget\" data-widget_type=\"heading.default\">\n\t\t\t\t\t<h2 class=\"elementor-heading-title elementor-size-default\">Photo and video gallery<\/h2>\t\t\t\t<\/div>\n\t\t\t\t<\/div>\n\t\t\t\t<div class=\"elementor-element elementor-element-181f405 elementor-widget__width-initial elementor-widget elementor-widget-text-editor\" data-id=\"181f405\" data-element_type=\"widget\" data-e-type=\"widget\" data-widget_type=\"text-editor.default\">\n\t\t\t\t\t\t\t\t\t<p><strong>The events of\u00a0<em>Swiss Who's Who<\/em>\u00a0are the natural extension of the E-magazine\u00a0<em>The Club<\/em>.<\/strong><br \/><br \/>They embody the same philosophy: to bring together the players in the change process in an atmosphere of exchange and respect.<br \/><br \/>Each meeting is an opportunity to maintain links between members, to encourage collaboration and to highlight important Swiss initiatives.<\/p>\t\t\t\t\t\t\t\t<\/div>\n\t\t\t\t<div class=\"elementor-element elementor-element-a7ebfe1 elementor-widget elementor-widget-gallery\" data-id=\"a7ebfe1\" data-element_type=\"widget\" data-e-type=\"widget\" data-settings=\"{&quot;columns&quot;:3,&quot;lazyload&quot;:&quot;yes&quot;,&quot;gallery_layout&quot;:&quot;grid&quot;,&quot;columns_tablet&quot;:2,&quot;columns_mobile&quot;:1,&quot;gap&quot;:{&quot;unit&quot;:&quot;px&quot;,&quot;size&quot;:10,&quot;sizes&quot;:[]},&quot;gap_laptop&quot;:{&quot;unit&quot;:&quot;px&quot;,&quot;size&quot;:10,&quot;sizes&quot;:[]},&quot;gap_tablet&quot;:{&quot;unit&quot;:&quot;px&quot;,&quot;size&quot;:10,&quot;sizes&quot;:[]},&quot;gap_mobile&quot;:{&quot;unit&quot;:&quot;px&quot;,&quot;size&quot;:10,&quot;sizes&quot;:[]},&quot;link_to&quot;:&quot;file&quot;,&quot;aspect_ratio&quot;:&quot;3:2&quot;,&quot;overlay_background&quot;:&quot;yes&quot;,&quot;content_hover_animation&quot;:&quot;fade-in&quot;}\" data-widget_type=\"gallery.default\">\n\t\t\t\t\t\t\t<div class=\"elementor-gallery__container\">\n\t\t\t\t\t\t\t<a class=\"e-gallery-item elementor-gallery-item elementor-animated-content\" href=\"https:\/\/swisswhoswho.ch\/wp-content\/uploads\/2025\/12\/BT2025-_-Building-Trust-in-Health.webp\" data-elementor-open-lightbox=\"yes\" data-elementor-lightbox-slideshow=\"a7ebfe1\" data-elementor-lightbox-title=\"BT2025 _ Building Trust in Health\" data-e-action-hash=\"#elementor-action%3Aaction%3Dlightbox%26settings%3DeyJpZCI6ODM5LCJ1cmwiOiJodHRwczpcL1wvc3dpc3N3aG9zd2hvLmNoXC93cC1jb250ZW50XC91cGxvYWRzXC8yMDI1XC8xMlwvQlQyMDI1LV8tQnVpbGRpbmctVHJ1c3QtaW4tSGVhbHRoLndlYnAiLCJzbGlkZXNob3ciOiJhN2ViZmUxIn0%3D\">\n\t\t\t\t\t<div class=\"e-gallery-image elementor-gallery-item__image\" data-thumbnail=\"https:\/\/swisswhoswho.ch\/wp-content\/uploads\/2025\/12\/BT2025-_-Building-Trust-in-Health-1024x682.webp\" data-width=\"800\" data-height=\"533\" aria-label=\"\" role=\"img\" ><\/div>\n\t\t\t\t\t\t\t\t\t\t\t<div class=\"elementor-gallery-item__overlay\"><\/div>\n\t\t\t\t\t\t\t\t\t\t\t\t\t\t<\/a>\n\t\t\t\t\t\t\t<a class=\"e-gallery-item elementor-gallery-item elementor-animated-content\" href=\"https:\/\/swisswhoswho.ch\/wp-content\/uploads\/2025\/12\/BT2025-_-Building-Trust-in-Health-img-1.webp\" data-elementor-open-lightbox=\"yes\" data-elementor-lightbox-slideshow=\"a7ebfe1\" data-elementor-lightbox-title=\"BT2025 _ Building Trust in Health - img 1\" data-e-action-hash=\"#elementor-action%3Aaction%3Dlightbox%26settings%3DeyJpZCI6ODU0LCJ1cmwiOiJodHRwczpcL1wvc3dpc3N3aG9zd2hvLmNoXC93cC1jb250ZW50XC91cGxvYWRzXC8yMDI1XC8xMlwvQlQyMDI1LV8tQnVpbGRpbmctVHJ1c3QtaW4tSGVhbHRoLWltZy0xLndlYnAiLCJzbGlkZXNob3ciOiJhN2ViZmUxIn0%3D\">\n\t\t\t\t\t<div class=\"e-gallery-image elementor-gallery-item__image\" data-thumbnail=\"https:\/\/swisswhoswho.ch\/wp-content\/uploads\/2025\/12\/BT2025-_-Building-Trust-in-Health-img-1.webp\" data-width=\"800\" data-height=\"710\" aria-label=\"\" role=\"img\" ><\/div>\n\t\t\t\t\t\t\t\t\t\t\t<div class=\"elementor-gallery-item__overlay\"><\/div>\n\t\t\t\t\t\t\t\t\t\t\t\t\t\t<\/a>\n\t\t\t\t\t\t\t<a class=\"e-gallery-item elementor-gallery-item elementor-animated-content\" href=\"https:\/\/swisswhoswho.ch\/wp-content\/uploads\/2025\/12\/BT2025-_-Building-Trust-in-Health-img-2.webp\" data-elementor-open-lightbox=\"yes\" data-elementor-lightbox-slideshow=\"a7ebfe1\" data-elementor-lightbox-title=\"BT2025 _ Building Trust in Health - img 2\" data-e-action-hash=\"#elementor-action%3Aaction%3Dlightbox%26settings%3DeyJpZCI6ODU2LCJ1cmwiOiJodHRwczpcL1wvc3dpc3N3aG9zd2hvLmNoXC93cC1jb250ZW50XC91cGxvYWRzXC8yMDI1XC8xMlwvQlQyMDI1LV8tQnVpbGRpbmctVHJ1c3QtaW4tSGVhbHRoLWltZy0yLndlYnAiLCJzbGlkZXNob3ciOiJhN2ViZmUxIn0%3D\">\n\t\t\t\t\t<div class=\"e-gallery-image elementor-gallery-item__image\" data-thumbnail=\"https:\/\/swisswhoswho.ch\/wp-content\/uploads\/2025\/12\/BT2025-_-Building-Trust-in-Health-img-2-1024x682.webp\" data-width=\"800\" data-height=\"533\" aria-label=\"\" role=\"img\" ><\/div>\n\t\t\t\t\t\t\t\t\t\t\t<div class=\"elementor-gallery-item__overlay\"><\/div>\n\t\t\t\t\t\t\t\t\t\t\t\t\t\t<\/a>\n\t\t\t\t\t\t\t<a class=\"e-gallery-item elementor-gallery-item elementor-animated-content\" href=\"https:\/\/swisswhoswho.ch\/wp-content\/uploads\/2025\/12\/GWL2025-_-Geneva-WealthTech-Lunches.webp\" data-elementor-open-lightbox=\"yes\" data-elementor-lightbox-slideshow=\"a7ebfe1\" data-elementor-lightbox-title=\"GWL2025 _ Geneva WealthTech Lunches\" data-e-action-hash=\"#elementor-action%3Aaction%3Dlightbox%26settings%3DeyJpZCI6ODYzLCJ1cmwiOiJodHRwczpcL1wvc3dpc3N3aG9zd2hvLmNoXC93cC1jb250ZW50XC91cGxvYWRzXC8yMDI1XC8xMlwvR1dMMjAyNS1fLUdlbmV2YS1XZWFsdGhUZWNoLUx1bmNoZXMud2VicCIsInNsaWRlc2hvdyI6ImE3ZWJmZTEifQ%3D%3D\">\n\t\t\t\t\t<div class=\"e-gallery-image elementor-gallery-item__image\" data-thumbnail=\"https:\/\/swisswhoswho.ch\/wp-content\/uploads\/2025\/12\/GWL2025-_-Geneva-WealthTech-Lunches-1024x768.webp\" data-width=\"800\" data-height=\"600\" aria-label=\"\" role=\"img\" ><\/div>\n\t\t\t\t\t\t\t\t\t\t\t<div class=\"elementor-gallery-item__overlay\"><\/div>\n\t\t\t\t\t\t\t\t\t\t\t\t\t\t<\/a>\n\t\t\t\t\t\t\t<a class=\"e-gallery-item elementor-gallery-item elementor-animated-content\" href=\"https:\/\/swisswhoswho.ch\/wp-content\/uploads\/2025\/12\/GWL2025-_-Geneva-WealthTech-Lunches-img-1.webp\" data-elementor-open-lightbox=\"yes\" data-elementor-lightbox-slideshow=\"a7ebfe1\" data-elementor-lightbox-title=\"GWL2025 _ Geneva WealthTech Lunches - img 1\" data-e-action-hash=\"#elementor-action%3Aaction%3Dlightbox%26settings%3DeyJpZCI6ODY0LCJ1cmwiOiJodHRwczpcL1wvc3dpc3N3aG9zd2hvLmNoXC93cC1jb250ZW50XC91cGxvYWRzXC8yMDI1XC8xMlwvR1dMMjAyNS1fLUdlbmV2YS1XZWFsdGhUZWNoLUx1bmNoZXMtaW1nLTEud2VicCIsInNsaWRlc2hvdyI6ImE3ZWJmZTEifQ%3D%3D\">\n\t\t\t\t\t<div class=\"e-gallery-image elementor-gallery-item__image\" data-thumbnail=\"https:\/\/swisswhoswho.ch\/wp-content\/uploads\/2025\/12\/GWL2025-_-Geneva-WealthTech-Lunches-img-1-1024x768.webp\" data-width=\"800\" data-height=\"600\" aria-label=\"\" role=\"img\" ><\/div>\n\t\t\t\t\t\t\t\t\t\t\t<div class=\"elementor-gallery-item__overlay\"><\/div>\n\t\t\t\t\t\t\t\t\t\t\t\t\t\t<\/a>\n\t\t\t\t\t\t\t<a class=\"e-gallery-item elementor-gallery-item elementor-animated-content\" href=\"https:\/\/swisswhoswho.ch\/wp-content\/uploads\/2025\/12\/GWL2025-_-Geneva-WealthTech-Lunches-img-2.webp\" data-elementor-open-lightbox=\"yes\" data-elementor-lightbox-slideshow=\"a7ebfe1\" data-elementor-lightbox-title=\"GWL2025 _ Geneva WealthTech Lunches - img 2\" data-e-action-hash=\"#elementor-action%3Aaction%3Dlightbox%26settings%3DeyJpZCI6ODY1LCJ1cmwiOiJodHRwczpcL1wvc3dpc3N3aG9zd2hvLmNoXC93cC1jb250ZW50XC91cGxvYWRzXC8yMDI1XC8xMlwvR1dMMjAyNS1fLUdlbmV2YS1XZWFsdGhUZWNoLUx1bmNoZXMtaW1nLTIud2VicCIsInNsaWRlc2hvdyI6ImE3ZWJmZTEifQ%3D%3D\">\n\t\t\t\t\t<div class=\"e-gallery-image elementor-gallery-item__image\" data-thumbnail=\"https:\/\/swisswhoswho.ch\/wp-content\/uploads\/2025\/12\/GWL2025-_-Geneva-WealthTech-Lunches-img-2.webp\" data-width=\"600\" data-height=\"800\" aria-label=\"\" role=\"img\" ><\/div>\n\t\t\t\t\t\t\t\t\t\t\t<div class=\"elementor-gallery-item__overlay\"><\/div>\n\t\t\t\t\t\t\t\t\t\t\t\t\t\t<\/a>\n\t\t\t\t\t<\/div>\n\t\t\t\t\t<\/div>\n\t\t\t\t<\/div>\n\t\t\t\t\t<\/div>\n\t\t\t\t<\/div>\n\t\t\t\t<\/div>","protected":false},"excerpt":{"rendered":"<p>Galerie photo et vid\u00e9o des \u00e9vents du Swiss Who\u2019s Who Devenir membre Prendre contact Galerie photo et vid\u00e9o Les \u00e9v\u00e9nements du\u00a0Swiss Who\u2019s Who\u00a0sont le prolongement naturel du E-magazine\u00a0The Club. Ils incarnent la m\u00eame philosophie : rassembler les acteurs du changement dans une ambiance d\u2019\u00e9change et de respect. Chaque rencontre permet d\u2019entretenir le lien entre les [&hellip;]<\/p>","protected":false},"author":1,"featured_media":0,"parent":0,"menu_order":0,"comment_status":"closed","ping_status":"closed","template":"","meta":{"_acf_changed":false,"pmpro_default_level":"","footnotes":""},"class_list":["post-1259","page","type-page","status-publish","hentry","pmpro-has-access"],"acf":[],"yoast_head":"<!-- This site is optimized with the Yoast SEO plugin v26.8 - https:\/\/yoast.com\/product\/yoast-seo-wordpress\/ -->\n<title>Galerie photo et vid\u00e9o - Swiss Who&#039;s Who<\/title>\n<meta name=\"robots\" content=\"index, follow, max-snippet:-1, max-image-preview:large, max-video-preview:-1\" \/>\n<link rel=\"canonical\" href=\"https:\/\/swisswhoswho.ch\/en\/photo-and-video-gallery\/\" \/>\n<meta property=\"og:locale\" content=\"en_GB\" \/>\n<meta property=\"og:type\" content=\"article\" \/>\n<meta property=\"og:title\" content=\"Galerie photo et vid\u00e9o - Swiss Who&#039;s Who\" \/>\n<meta property=\"og:description\" content=\"Galerie photo et vid\u00e9o des \u00e9vents du Swiss Who\u2019s Who Devenir membre Prendre contact Galerie photo et vid\u00e9o Les \u00e9v\u00e9nements du\u00a0Swiss Who\u2019s Who\u00a0sont le prolongement naturel du E-magazine\u00a0The Club. Ils incarnent la m\u00eame philosophie : rassembler les acteurs du changement dans une ambiance d\u2019\u00e9change et de respect. Chaque rencontre permet d\u2019entretenir le lien entre les [&hellip;]\" \/>\n<meta property=\"og:url\" content=\"https:\/\/swisswhoswho.ch\/en\/photo-and-video-gallery\/\" \/>\n<meta property=\"og:site_name\" content=\"Swiss Who&#039;s Who\" \/>\n<meta property=\"article:modified_time\" content=\"2026-01-23T09:57:13+00:00\" \/>\n<meta name=\"twitter:card\" content=\"summary_large_image\" \/>\n<meta name=\"twitter:label1\" content=\"Estimated reading time\" \/>\n\t<meta name=\"twitter:data1\" content=\"1 minute\" \/>\n<script type=\"application\/ld+json\" class=\"yoast-schema-graph\">{\"@context\":\"https:\/\/schema.org\",\"@graph\":[{\"@type\":\"WebPage\",\"@id\":\"https:\/\/swisswhoswho.ch\/galerie-photo-et-video\/\",\"url\":\"https:\/\/swisswhoswho.ch\/galerie-photo-et-video\/\",\"name\":\"Galerie photo et vid\u00e9o - Swiss Who&#039;s Who\",\"isPartOf\":{\"@id\":\"https:\/\/swisswhoswho.ch\/#website\"},\"datePublished\":\"2026-01-21T15:08:02+00:00\",\"dateModified\":\"2026-01-23T09:57:13+00:00\",\"breadcrumb\":{\"@id\":\"https:\/\/swisswhoswho.ch\/galerie-photo-et-video\/#breadcrumb\"},\"inLanguage\":\"en-GB\",\"potentialAction\":[{\"@type\":\"ReadAction\",\"target\":[\"https:\/\/swisswhoswho.ch\/galerie-photo-et-video\/\"]}]},{\"@type\":\"BreadcrumbList\",\"@id\":\"https:\/\/swisswhoswho.ch\/galerie-photo-et-video\/#breadcrumb\",\"itemListElement\":[{\"@type\":\"ListItem\",\"position\":1,\"name\":\"Accueil\",\"item\":\"https:\/\/swisswhoswho.ch\/\"},{\"@type\":\"ListItem\",\"position\":2,\"name\":\"Galerie photo et vid\u00e9o\"}]},{\"@type\":\"WebSite\",\"@id\":\"https:\/\/swisswhoswho.ch\/#website\",\"url\":\"https:\/\/swisswhoswho.ch\/\",\"name\":\"Swiss Who's Who\",\"description\":\"\",\"publisher\":{\"@id\":\"https:\/\/swisswhoswho.ch\/#organization\"},\"potentialAction\":[{\"@type\":\"SearchAction\",\"target\":{\"@type\":\"EntryPoint\",\"urlTemplate\":\"https:\/\/swisswhoswho.ch\/?s={search_term_string}\"},\"query-input\":{\"@type\":\"PropertyValueSpecification\",\"valueRequired\":true,\"valueName\":\"search_term_string\"}}],\"inLanguage\":\"en-GB\"},{\"@type\":\"Organization\",\"@id\":\"https:\/\/swisswhoswho.ch\/#organization\",\"name\":\"Swiss Who's Who\",\"url\":\"https:\/\/swisswhoswho.ch\/\",\"logo\":{\"@type\":\"ImageObject\",\"inLanguage\":\"en-GB\",\"@id\":\"https:\/\/swisswhoswho.ch\/#\/schema\/logo\/image\/\",\"url\":\"https:\/\/swisswhoswho.ch\/wp-content\/uploads\/2025\/11\/Logo-SWW.png\",\"contentUrl\":\"https:\/\/swisswhoswho.ch\/wp-content\/uploads\/2025\/11\/Logo-SWW.png\",\"width\":107,\"height\":62,\"caption\":\"Swiss Who's Who\"},\"image\":{\"@id\":\"https:\/\/swisswhoswho.ch\/#\/schema\/logo\/image\/\"}}]}<\/script>\n<!-- \/ Yoast SEO plugin. -->","yoast_head_json":{"title":"Photo and video gallery - Swiss Who's Who","robots":{"index":"index","follow":"follow","max-snippet":"max-snippet:-1","max-image-preview":"max-image-preview:large","max-video-preview":"max-video-preview:-1"},"canonical":"https:\/\/swisswhoswho.ch\/en\/photo-and-video-gallery\/","og_locale":"en_GB","og_type":"article","og_title":"Galerie photo et vid\u00e9o - Swiss Who&#039;s Who","og_description":"Galerie photo et vid\u00e9o des \u00e9vents du Swiss Who\u2019s Who Devenir membre Prendre contact Galerie photo et vid\u00e9o Les \u00e9v\u00e9nements du\u00a0Swiss Who\u2019s Who\u00a0sont le prolongement naturel du E-magazine\u00a0The Club. Ils incarnent la m\u00eame philosophie : rassembler les acteurs du changement dans une ambiance d\u2019\u00e9change et de respect. Chaque rencontre permet d\u2019entretenir le lien entre les [&hellip;]","og_url":"https:\/\/swisswhoswho.ch\/en\/photo-and-video-gallery\/","og_site_name":"Swiss Who&#039;s Who","article_modified_time":"2026-01-23T09:57:13+00:00","twitter_card":"summary_large_image","twitter_misc":{"Estimated reading time":"1 minute"},"schema":{"@context":"https:\/\/schema.org","@graph":[{"@type":"WebPage","@id":"https:\/\/swisswhoswho.ch\/galerie-photo-et-video\/","url":"https:\/\/swisswhoswho.ch\/galerie-photo-et-video\/","name":"Photo and video gallery - Swiss Who's Who","isPartOf":{"@id":"https:\/\/swisswhoswho.ch\/#website"},"datePublished":"2026-01-21T15:08:02+00:00","dateModified":"2026-01-23T09:57:13+00:00","breadcrumb":{"@id":"https:\/\/swisswhoswho.ch\/galerie-photo-et-video\/#breadcrumb"},"inLanguage":"en-GB","potentialAction":[{"@type":"ReadAction","target":["https:\/\/swisswhoswho.ch\/galerie-photo-et-video\/"]}]},{"@type":"BreadcrumbList","@id":"https:\/\/swisswhoswho.ch\/galerie-photo-et-video\/#breadcrumb","itemListElement":[{"@type":"ListItem","position":1,"name":"Accueil","item":"https:\/\/swisswhoswho.ch\/"},{"@type":"ListItem","position":2,"name":"Galerie photo et vid\u00e9o"}]},{"@type":"WebSite","@id":"https:\/\/swisswhoswho.ch\/#website","url":"https:\/\/swisswhoswho.ch\/","name":"Swiss Who's Who","description":"","publisher":{"@id":"https:\/\/swisswhoswho.ch\/#organization"},"potentialAction":[{"@type":"SearchAction","target":{"@type":"EntryPoint","urlTemplate":"https:\/\/swisswhoswho.ch\/?s={search_term_string}"},"query-input":{"@type":"PropertyValueSpecification","valueRequired":true,"valueName":"search_term_string"}}],"inLanguage":"en-GB"},{"@type":"Organization","@id":"https:\/\/swisswhoswho.ch\/#organization","name":"Swiss Who's Who","url":"https:\/\/swisswhoswho.ch\/","logo":{"@type":"ImageObject","inLanguage":"en-GB","@id":"https:\/\/swisswhoswho.ch\/#\/schema\/logo\/image\/","url":"https:\/\/swisswhoswho.ch\/wp-content\/uploads\/2025\/11\/Logo-SWW.png","contentUrl":"https:\/\/swisswhoswho.ch\/wp-content\/uploads\/2025\/11\/Logo-SWW.png","width":107,"height":62,"caption":"Swiss Who's Who"},"image":{"@id":"https:\/\/swisswhoswho.ch\/#\/schema\/logo\/image\/"}}]}},"_links":{"self":[{"href":"https:\/\/swisswhoswho.ch\/en\/wp-json\/wp\/v2\/pages\/1259","targetHints":{"allow":["GET"]}}],"collection":[{"href":"https:\/\/swisswhoswho.ch\/en\/wp-json\/wp\/v2\/pages"}],"about":[{"href":"https:\/\/swisswhoswho.ch\/en\/wp-json\/wp\/v2\/types\/page"}],"author":[{"embeddable":true,"href":"https:\/\/swisswhoswho.ch\/en\/wp-json\/wp\/v2\/users\/1"}],"replies":[{"embeddable":true,"href":"https:\/\/swisswhoswho.ch\/en\/wp-json\/wp\/v2\/comments?post=1259"}],"version-history":[{"count":16,"href":"https:\/\/swisswhoswho.ch\/en\/wp-json\/wp\/v2\/pages\/1259\/revisions"}],"predecessor-version":[{"id":1347,"href":"https:\/\/swisswhoswho.ch\/en\/wp-json\/wp\/v2\/pages\/1259\/revisions\/1347"}],"wp:attachment":[{"href":"https:\/\/swisswhoswho.ch\/en\/wp-json\/wp\/v2\/media?parent=1259"}],"curies":[{"name":"wp","href":"https:\/\/api.w.org\/{rel}","templated":true}]}}