{"id":1194,"date":"2026-01-14T14:16:52","date_gmt":"2026-01-14T13:16:52","guid":{"rendered":"https:\/\/swisswhoswho.ch\/?post_type=product&#038;p=1194"},"modified":"2026-02-09T13:06:34","modified_gmt":"2026-02-09T12:06:34","slug":"elite-the-club-membership","status":"publish","type":"product","link":"https:\/\/swisswhoswho.ch\/en\/product\/elite-the-club-membership\/","title":{"rendered":"ELITE The Club membership"},"content":{"rendered":"<p>Le <b>ELITE status<\/b> gives you access to the privileged circle of Swiss Who's Who and to all the services, events and experiences that bring the network to life.<\/p>\n<p>Conditions<br \/>\n<b>- Cumulative value of accessible services<\/b> &gt; CHF 5,000 \/ year<br \/>\n<b>- ELITE membership fee<\/b> : <b>CHF 1,500 excl. tax \/ year<\/b><\/p>","protected":false},"excerpt":{"rendered":"<h3>Your ELITE advantages<br aria-hidden=\"true\" \/><b><\/b><\/h3>\n<p><b>- Swiss Who's Who Directory 2026<\/b><br aria-hidden=\"true\" \/>1 printed copy<br aria-hidden=\"true\" \/>Access to the PDF version<\/p>\n<div><\/div>\n<p><b>- SWW private digital platform - The Club<\/b><br aria-hidden=\"true\" \/>Exclusive content, interviews<br aria-hidden=\"true\" \/>Targeted introductions<\/p>\n<div><\/div>\n<p><b>- Events &amp; networking<\/b><br aria-hidden=\"true\" \/>Invitation to the <b>SWW Annual Meeting<\/b> (Geneva 2026, Zurich 2027)<br aria-hidden=\"true\" \/>Participation in <b>SWW Leaders Breakfast<\/b> (monthly, online)<br aria-hidden=\"true\" \/>Priority access to SWW 2026 events<\/p>\n<div><\/div>\n<p><b>- Exclusive experiences<\/b><br aria-hidden=\"true\" \/>Annual admission to modern art museums in Switzerland<br aria-hidden=\"true\" \/>Invitations to selected private events<br aria-hidden=\"true\" \/>(Verbier, Montreux Jazz Caf\u00e9, Wine Testing, Swiss Deluxe Hotels, EHL...)<\/p>\n<div><\/div>\n<p><b>- Leadership &amp; commitment<\/b><br aria-hidden=\"true\" \/>Preferential terms on leadership programmes<br aria-hidden=\"true\" \/>Access to SWW civic and philanthropic initiatives<br aria-hidden=\"true\" \/>Option to co-opt new members<\/p>","protected":false},"featured_media":1399,"comment_status":"closed","ping_status":"closed","template":"","meta":{"_acf_changed":false,"pmpro_default_level":""},"product_brand":[],"product_cat":[15],"product_tag":[],"class_list":{"0":"post-1194","1":"product","2":"type-product","3":"status-publish","4":"has-post-thumbnail","6":"product_cat-non-classe","7":"pmpro-has-access","9":"first","10":"instock","11":"downloadable","12":"virtual","13":"taxable","14":"purchasable","15":"product-type-simple"},"acf":[],"yoast_head":"<!-- This site is optimized with the Yoast SEO plugin v26.8 - https:\/\/yoast.com\/product\/yoast-seo-wordpress\/ -->\n<title>Adh\u00e9sion ELITE The Club - Swiss Who&#039;s Who<\/title>\n<meta name=\"robots\" content=\"index, follow, max-snippet:-1, max-image-preview:large, max-video-preview:-1\" \/>\n<link rel=\"canonical\" href=\"https:\/\/swisswhoswho.ch\/en\/product\/elite-the-club-membership\/\" \/>\n<meta property=\"og:locale\" content=\"en_GB\" \/>\n<meta property=\"og:type\" content=\"article\" \/>\n<meta property=\"og:title\" content=\"Adh\u00e9sion ELITE The Club - Swiss Who&#039;s Who\" \/>\n<meta property=\"og:description\" content=\"Vos avantages ELITE \u2022 Swiss Who\u2019s Who Directory 20261 exemplaire imprim\u00e9Acc\u00e8s \u00e0 la version PDF  \u2022 Plateforme digitale priv\u00e9e SWW \u2013 The ClubContenus exclusifs, interviewsMises en relation cibl\u00e9es  \u2022 \u00c9v\u00e9nements &amp; networkingInvitation au SWW Annual Meeting (Gen\u00e8ve 2026, Zurich 2027)Participation aux SWW Leaders Breakfast (mensuels, online)Acc\u00e8s prioritaire aux \u00e9v\u00e9nements SWW 2026  \u2022 Exp\u00e9riences exclusivesAcc\u00e8s annuel aux mus\u00e9es d\u2019art moderne en SuisseInvitations \u00e0 des \u00e9v\u00e9nements priv\u00e9s s\u00e9lectionn\u00e9s(Verbier, Montreux Jazz Caf\u00e9, Wine Testing, Swiss Deluxe Hotels, EHL\u2026)  \u2022 Leadership &amp; engagementConditions pr\u00e9f\u00e9rentielles sur des programmes de leadershipAcc\u00e8s aux initiatives citoyennes et philanthropiques du SWWPossibilit\u00e9 de coopter de nouveaux membres\" \/>\n<meta property=\"og:url\" content=\"https:\/\/swisswhoswho.ch\/en\/product\/elite-the-club-membership\/\" \/>\n<meta property=\"og:site_name\" content=\"Swiss Who&#039;s Who\" \/>\n<meta property=\"article:modified_time\" content=\"2026-02-09T12:06:34+00:00\" \/>\n<meta property=\"og:image\" content=\"https:\/\/swisswhoswho.ch\/wp-content\/uploads\/2026\/01\/Adhesion-ELITE-The-Club-1024x682-1.jpg\" \/>\n\t<meta property=\"og:image:width\" content=\"1024\" \/>\n\t<meta property=\"og:image:height\" content=\"682\" \/>\n\t<meta property=\"og:image:type\" content=\"image\/jpeg\" \/>\n<meta name=\"twitter:card\" content=\"summary_large_image\" \/>\n<meta name=\"twitter:label1\" content=\"Estimated reading time\" \/>\n\t<meta name=\"twitter:data1\" content=\"1 minute\" \/>\n<script type=\"application\/ld+json\" class=\"yoast-schema-graph\">{\"@context\":\"https:\/\/schema.org\",\"@graph\":[{\"@type\":\"WebPage\",\"@id\":\"https:\/\/swisswhoswho.ch\/produit\/adhesion-elite-the-club\/\",\"url\":\"https:\/\/swisswhoswho.ch\/produit\/adhesion-elite-the-club\/\",\"name\":\"Adh\u00e9sion ELITE The Club - Swiss Who&#039;s Who\",\"isPartOf\":{\"@id\":\"https:\/\/swisswhoswho.ch\/#website\"},\"primaryImageOfPage\":{\"@id\":\"https:\/\/swisswhoswho.ch\/produit\/adhesion-elite-the-club\/#primaryimage\"},\"image\":{\"@id\":\"https:\/\/swisswhoswho.ch\/produit\/adhesion-elite-the-club\/#primaryimage\"},\"thumbnailUrl\":\"https:\/\/swisswhoswho.ch\/wp-content\/uploads\/2026\/01\/Adhesion-ELITE-The-Club-1024x682-1.jpg\",\"datePublished\":\"2026-01-14T13:16:52+00:00\",\"dateModified\":\"2026-02-09T12:06:34+00:00\",\"breadcrumb\":{\"@id\":\"https:\/\/swisswhoswho.ch\/produit\/adhesion-elite-the-club\/#breadcrumb\"},\"inLanguage\":\"en-GB\",\"potentialAction\":[{\"@type\":\"ReadAction\",\"target\":[\"https:\/\/swisswhoswho.ch\/produit\/adhesion-elite-the-club\/\"]}]},{\"@type\":\"ImageObject\",\"inLanguage\":\"en-GB\",\"@id\":\"https:\/\/swisswhoswho.ch\/produit\/adhesion-elite-the-club\/#primaryimage\",\"url\":\"https:\/\/swisswhoswho.ch\/wp-content\/uploads\/2026\/01\/Adhesion-ELITE-The-Club-1024x682-1.jpg\",\"contentUrl\":\"https:\/\/swisswhoswho.ch\/wp-content\/uploads\/2026\/01\/Adhesion-ELITE-The-Club-1024x682-1.jpg\",\"width\":1024,\"height\":682},{\"@type\":\"BreadcrumbList\",\"@id\":\"https:\/\/swisswhoswho.ch\/produit\/adhesion-elite-the-club\/#breadcrumb\",\"itemListElement\":[{\"@type\":\"ListItem\",\"position\":1,\"name\":\"Accueil\",\"item\":\"https:\/\/swisswhoswho.ch\/\"},{\"@type\":\"ListItem\",\"position\":2,\"name\":\"Shop \/ Offres\",\"item\":\"https:\/\/swisswhoswho.ch\/shop-offres\/\"},{\"@type\":\"ListItem\",\"position\":3,\"name\":\"Adh\u00e9sion ELITE The Club\"}]},{\"@type\":\"WebSite\",\"@id\":\"https:\/\/swisswhoswho.ch\/#website\",\"url\":\"https:\/\/swisswhoswho.ch\/\",\"name\":\"Swiss Who's Who\",\"description\":\"\",\"publisher\":{\"@id\":\"https:\/\/swisswhoswho.ch\/#organization\"},\"potentialAction\":[{\"@type\":\"SearchAction\",\"target\":{\"@type\":\"EntryPoint\",\"urlTemplate\":\"https:\/\/swisswhoswho.ch\/?s={search_term_string}\"},\"query-input\":{\"@type\":\"PropertyValueSpecification\",\"valueRequired\":true,\"valueName\":\"search_term_string\"}}],\"inLanguage\":\"en-GB\"},{\"@type\":\"Organization\",\"@id\":\"https:\/\/swisswhoswho.ch\/#organization\",\"name\":\"Swiss Who's Who\",\"url\":\"https:\/\/swisswhoswho.ch\/\",\"logo\":{\"@type\":\"ImageObject\",\"inLanguage\":\"en-GB\",\"@id\":\"https:\/\/swisswhoswho.ch\/#\/schema\/logo\/image\/\",\"url\":\"https:\/\/swisswhoswho.ch\/wp-content\/uploads\/2025\/11\/Logo-SWW.png\",\"contentUrl\":\"https:\/\/swisswhoswho.ch\/wp-content\/uploads\/2025\/11\/Logo-SWW.png\",\"width\":107,\"height\":62,\"caption\":\"Swiss Who's Who\"},\"image\":{\"@id\":\"https:\/\/swisswhoswho.ch\/#\/schema\/logo\/image\/\"}}]}<\/script>\n<!-- \/ Yoast SEO plugin. -->","yoast_head_json":{"title":"ELITE The Club membership - Swiss Who's Who","robots":{"index":"index","follow":"follow","max-snippet":"max-snippet:-1","max-image-preview":"max-image-preview:large","max-video-preview":"max-video-preview:-1"},"canonical":"https:\/\/swisswhoswho.ch\/en\/product\/elite-the-club-membership\/","og_locale":"en_GB","og_type":"article","og_title":"Adh\u00e9sion ELITE The Club - Swiss Who&#039;s Who","og_description":"Vos avantages ELITE \u2022 Swiss Who\u2019s Who Directory 20261 exemplaire imprim\u00e9Acc\u00e8s \u00e0 la version PDF  \u2022 Plateforme digitale priv\u00e9e SWW \u2013 The ClubContenus exclusifs, interviewsMises en relation cibl\u00e9es  \u2022 \u00c9v\u00e9nements &amp; networkingInvitation au SWW Annual Meeting (Gen\u00e8ve 2026, Zurich 2027)Participation aux SWW Leaders Breakfast (mensuels, online)Acc\u00e8s prioritaire aux \u00e9v\u00e9nements SWW 2026  \u2022 Exp\u00e9riences exclusivesAcc\u00e8s annuel aux mus\u00e9es d\u2019art moderne en SuisseInvitations \u00e0 des \u00e9v\u00e9nements priv\u00e9s s\u00e9lectionn\u00e9s(Verbier, Montreux Jazz Caf\u00e9, Wine Testing, Swiss Deluxe Hotels, EHL\u2026)  \u2022 Leadership &amp; engagementConditions pr\u00e9f\u00e9rentielles sur des programmes de leadershipAcc\u00e8s aux initiatives citoyennes et philanthropiques du SWWPossibilit\u00e9 de coopter de nouveaux membres","og_url":"https:\/\/swisswhoswho.ch\/en\/product\/elite-the-club-membership\/","og_site_name":"Swiss Who&#039;s Who","article_modified_time":"2026-02-09T12:06:34+00:00","og_image":[{"width":1024,"height":682,"url":"https:\/\/swisswhoswho.ch\/wp-content\/uploads\/2026\/01\/Adhesion-ELITE-The-Club-1024x682-1.jpg","type":"image\/jpeg"}],"twitter_card":"summary_large_image","twitter_misc":{"Estimated reading time":"1 minute"},"schema":{"@context":"https:\/\/schema.org","@graph":[{"@type":"WebPage","@id":"https:\/\/swisswhoswho.ch\/produit\/adhesion-elite-the-club\/","url":"https:\/\/swisswhoswho.ch\/produit\/adhesion-elite-the-club\/","name":"ELITE The Club membership - Swiss Who's Who","isPartOf":{"@id":"https:\/\/swisswhoswho.ch\/#website"},"primaryImageOfPage":{"@id":"https:\/\/swisswhoswho.ch\/produit\/adhesion-elite-the-club\/#primaryimage"},"image":{"@id":"https:\/\/swisswhoswho.ch\/produit\/adhesion-elite-the-club\/#primaryimage"},"thumbnailUrl":"https:\/\/swisswhoswho.ch\/wp-content\/uploads\/2026\/01\/Adhesion-ELITE-The-Club-1024x682-1.jpg","datePublished":"2026-01-14T13:16:52+00:00","dateModified":"2026-02-09T12:06:34+00:00","breadcrumb":{"@id":"https:\/\/swisswhoswho.ch\/produit\/adhesion-elite-the-club\/#breadcrumb"},"inLanguage":"en-GB","potentialAction":[{"@type":"ReadAction","target":["https:\/\/swisswhoswho.ch\/produit\/adhesion-elite-the-club\/"]}]},{"@type":"ImageObject","inLanguage":"en-GB","@id":"https:\/\/swisswhoswho.ch\/produit\/adhesion-elite-the-club\/#primaryimage","url":"https:\/\/swisswhoswho.ch\/wp-content\/uploads\/2026\/01\/Adhesion-ELITE-The-Club-1024x682-1.jpg","contentUrl":"https:\/\/swisswhoswho.ch\/wp-content\/uploads\/2026\/01\/Adhesion-ELITE-The-Club-1024x682-1.jpg","width":1024,"height":682},{"@type":"BreadcrumbList","@id":"https:\/\/swisswhoswho.ch\/produit\/adhesion-elite-the-club\/#breadcrumb","itemListElement":[{"@type":"ListItem","position":1,"name":"Accueil","item":"https:\/\/swisswhoswho.ch\/"},{"@type":"ListItem","position":2,"name":"Shop \/ Offres","item":"https:\/\/swisswhoswho.ch\/shop-offres\/"},{"@type":"ListItem","position":3,"name":"Adh\u00e9sion ELITE The Club"}]},{"@type":"WebSite","@id":"https:\/\/swisswhoswho.ch\/#website","url":"https:\/\/swisswhoswho.ch\/","name":"Swiss Who's Who","description":"","publisher":{"@id":"https:\/\/swisswhoswho.ch\/#organization"},"potentialAction":[{"@type":"SearchAction","target":{"@type":"EntryPoint","urlTemplate":"https:\/\/swisswhoswho.ch\/?s={search_term_string}"},"query-input":{"@type":"PropertyValueSpecification","valueRequired":true,"valueName":"search_term_string"}}],"inLanguage":"en-GB"},{"@type":"Organization","@id":"https:\/\/swisswhoswho.ch\/#organization","name":"Swiss Who's Who","url":"https:\/\/swisswhoswho.ch\/","logo":{"@type":"ImageObject","inLanguage":"en-GB","@id":"https:\/\/swisswhoswho.ch\/#\/schema\/logo\/image\/","url":"https:\/\/swisswhoswho.ch\/wp-content\/uploads\/2025\/11\/Logo-SWW.png","contentUrl":"https:\/\/swisswhoswho.ch\/wp-content\/uploads\/2025\/11\/Logo-SWW.png","width":107,"height":62,"caption":"Swiss Who's Who"},"image":{"@id":"https:\/\/swisswhoswho.ch\/#\/schema\/logo\/image\/"}}]}},"_links":{"self":[{"href":"https:\/\/swisswhoswho.ch\/en\/wp-json\/wp\/v2\/product\/1194","targetHints":{"allow":["GET"]}}],"collection":[{"href":"https:\/\/swisswhoswho.ch\/en\/wp-json\/wp\/v2\/product"}],"about":[{"href":"https:\/\/swisswhoswho.ch\/en\/wp-json\/wp\/v2\/types\/product"}],"replies":[{"embeddable":true,"href":"https:\/\/swisswhoswho.ch\/en\/wp-json\/wp\/v2\/comments?post=1194"}],"version-history":[{"count":11,"href":"https:\/\/swisswhoswho.ch\/en\/wp-json\/wp\/v2\/product\/1194\/revisions"}],"predecessor-version":[{"id":1391,"href":"https:\/\/swisswhoswho.ch\/en\/wp-json\/wp\/v2\/product\/1194\/revisions\/1391"}],"wp:featuredmedia":[{"embeddable":true,"href":"https:\/\/swisswhoswho.ch\/en\/wp-json\/wp\/v2\/media\/1399"}],"wp:attachment":[{"href":"https:\/\/swisswhoswho.ch\/en\/wp-json\/wp\/v2\/media?parent=1194"}],"wp:term":[{"taxonomy":"product_brand","embeddable":true,"href":"https:\/\/swisswhoswho.ch\/en\/wp-json\/wp\/v2\/product_brand?post=1194"},{"taxonomy":"product_cat","embeddable":true,"href":"https:\/\/swisswhoswho.ch\/en\/wp-json\/wp\/v2\/product_cat?post=1194"},{"taxonomy":"product_tag","embeddable":true,"href":"https:\/\/swisswhoswho.ch\/en\/wp-json\/wp\/v2\/product_tag?post=1194"}],"curies":[{"name":"wp","href":"https:\/\/api.w.org\/{rel}","templated":true}]}}