{"id":14,"date":"2025-11-07T10:29:33","date_gmt":"2025-11-07T09:29:33","guid":{"rendered":"https:\/\/swisswhoswho.ch\/panier\/"},"modified":"2026-01-22T14:51:15","modified_gmt":"2026-01-22T13:51:15","slug":"cesta","status":"publish","type":"page","link":"https:\/\/swisswhoswho.ch\/es\/cesta\/","title":{"rendered":"Cesta"},"content":{"rendered":"<div data-elementor-type=\"wp-page\" data-elementor-id=\"14\" class=\"elementor elementor-14\" data-elementor-post-type=\"page\">\n\t\t\t\t<div class=\"elementor-element elementor-element-a0fe23e e-flex e-con-boxed e-con e-parent\" data-id=\"a0fe23e\" data-element_type=\"container\" data-e-type=\"container\" data-settings=\"{&quot;background_background&quot;:&quot;classic&quot;}\">\n\t\t\t\t\t<div class=\"e-con-inner\">\n\t\t\t\t<div class=\"elementor-element elementor-element-7adf551 elementor-widget elementor-widget-heading\" data-id=\"7adf551\" data-element_type=\"widget\" data-e-type=\"widget\" data-widget_type=\"heading.default\">\n\t\t\t\t\t<h1 class=\"elementor-heading-title elementor-size-default\">Validar su cesta<\/h1>\t\t\t\t<\/div>\n\t\t\t\t\t<\/div>\n\t\t\t\t<\/div>\n\t\t<div class=\"elementor-element elementor-element-b64ddeb e-flex e-con-boxed e-con e-parent\" data-id=\"b64ddeb\" data-element_type=\"container\" data-e-type=\"container\">\n\t\t\t\t\t<div class=\"e-con-inner\">\n\t\t\t\t\t<\/div>\n\t\t\t\t<\/div>\n\t\t\t\t<\/div>","protected":false},"excerpt":{"rendered":"<p>Valider votre panier Supprimer l\u2019\u00e9l\u00e9ment Miniature Produit Prix Quantit\u00e9 Sous-total &times; Pack Dictionnaire + Acc\u00e8s The Club &#67;&#72;&#70;&nbsp;800.00 quantit\u00e9 de Pack Dictionnaire + Acc\u00e8s The Club &#67;&#72;&#70;&nbsp;800.00 Totaux du panier Sous-total &#67;&#72;&#70;&nbsp;800.00 Total &#67;&#72;&#70;&nbsp;800.00 Passer \u00e0 la commande<\/p>","protected":false},"author":1,"featured_media":0,"parent":0,"menu_order":0,"comment_status":"closed","ping_status":"closed","template":"","meta":{"_acf_changed":false,"pmpro_default_level":"","footnotes":""},"class_list":["post-14","page","type-page","status-publish","hentry","pmpro-has-access"],"acf":[],"yoast_head":"<!-- This site is optimized with the Yoast SEO plugin v26.8 - https:\/\/yoast.com\/product\/yoast-seo-wordpress\/ -->\n<title>Panier - Swiss Who&#039;s Who<\/title>\n<meta name=\"robots\" content=\"index, follow, max-snippet:-1, max-image-preview:large, max-video-preview:-1\" \/>\n<link rel=\"canonical\" href=\"https:\/\/swisswhoswho.ch\/es\/cesta\/\" \/>\n<meta property=\"og:locale\" content=\"es_ES\" \/>\n<meta property=\"og:type\" content=\"article\" \/>\n<meta property=\"og:title\" content=\"Panier - Swiss Who&#039;s Who\" \/>\n<meta property=\"og:description\" content=\"Valider votre panier Supprimer l\u2019\u00e9l\u00e9ment Miniature Produit Prix Quantit\u00e9 Sous-total &times; Pack Dictionnaire + Acc\u00e8s The Club &#067;&#072;&#070;&nbsp;800.00 quantit\u00e9 de Pack Dictionnaire + Acc\u00e8s The Club &#067;&#072;&#070;&nbsp;800.00 Totaux du panier Sous-total &#067;&#072;&#070;&nbsp;800.00 Total &#067;&#072;&#070;&nbsp;800.00 Passer \u00e0 la commande\" \/>\n<meta property=\"og:url\" content=\"https:\/\/swisswhoswho.ch\/es\/cesta\/\" \/>\n<meta property=\"og:site_name\" content=\"Swiss Who&#039;s Who\" \/>\n<meta property=\"article:modified_time\" content=\"2026-01-22T13:51:15+00:00\" \/>\n<meta property=\"og:image\" content=\"https:\/\/swisswhoswho.ch\/wp-content\/uploads\/2025\/12\/Pack-Dictionnaire-Acces-The-Club-300x283.png\" \/>\n<meta name=\"twitter:card\" content=\"summary_large_image\" \/>\n<meta name=\"twitter:label1\" content=\"Tiempo de lectura\" \/>\n\t<meta name=\"twitter:data1\" content=\"1 minuto\" \/>\n<script type=\"application\/ld+json\" class=\"yoast-schema-graph\">{\"@context\":\"https:\/\/schema.org\",\"@graph\":[{\"@type\":\"WebPage\",\"@id\":\"https:\/\/swisswhoswho.ch\/panier\/\",\"url\":\"https:\/\/swisswhoswho.ch\/panier\/\",\"name\":\"Panier - Swiss Who&#039;s Who\",\"isPartOf\":{\"@id\":\"https:\/\/swisswhoswho.ch\/#website\"},\"primaryImageOfPage\":{\"@id\":\"https:\/\/swisswhoswho.ch\/panier\/#primaryimage\"},\"image\":{\"@id\":\"https:\/\/swisswhoswho.ch\/panier\/#primaryimage\"},\"thumbnailUrl\":\"https:\/\/swisswhoswho.ch\/wp-content\/uploads\/2025\/12\/Pack-Dictionnaire-Acces-The-Club-300x283.png\",\"datePublished\":\"2025-11-07T09:29:33+00:00\",\"dateModified\":\"2026-01-22T13:51:15+00:00\",\"breadcrumb\":{\"@id\":\"https:\/\/swisswhoswho.ch\/panier\/#breadcrumb\"},\"inLanguage\":\"es\",\"potentialAction\":[{\"@type\":\"ReadAction\",\"target\":[\"https:\/\/swisswhoswho.ch\/panier\/\"]}]},{\"@type\":\"ImageObject\",\"inLanguage\":\"es\",\"@id\":\"https:\/\/swisswhoswho.ch\/panier\/#primaryimage\",\"url\":\"https:\/\/swisswhoswho.ch\/wp-content\/uploads\/2025\/12\/Pack-Dictionnaire-Acces-The-Club-300x283.png\",\"contentUrl\":\"https:\/\/swisswhoswho.ch\/wp-content\/uploads\/2025\/12\/Pack-Dictionnaire-Acces-The-Club-300x283.png\"},{\"@type\":\"BreadcrumbList\",\"@id\":\"https:\/\/swisswhoswho.ch\/panier\/#breadcrumb\",\"itemListElement\":[{\"@type\":\"ListItem\",\"position\":1,\"name\":\"Accueil\",\"item\":\"https:\/\/swisswhoswho.ch\/\"},{\"@type\":\"ListItem\",\"position\":2,\"name\":\"Panier\"}]},{\"@type\":\"WebSite\",\"@id\":\"https:\/\/swisswhoswho.ch\/#website\",\"url\":\"https:\/\/swisswhoswho.ch\/\",\"name\":\"Swiss Who's Who\",\"description\":\"\",\"publisher\":{\"@id\":\"https:\/\/swisswhoswho.ch\/#organization\"},\"potentialAction\":[{\"@type\":\"SearchAction\",\"target\":{\"@type\":\"EntryPoint\",\"urlTemplate\":\"https:\/\/swisswhoswho.ch\/?s={search_term_string}\"},\"query-input\":{\"@type\":\"PropertyValueSpecification\",\"valueRequired\":true,\"valueName\":\"search_term_string\"}}],\"inLanguage\":\"es\"},{\"@type\":\"Organization\",\"@id\":\"https:\/\/swisswhoswho.ch\/#organization\",\"name\":\"Swiss Who's Who\",\"url\":\"https:\/\/swisswhoswho.ch\/\",\"logo\":{\"@type\":\"ImageObject\",\"inLanguage\":\"es\",\"@id\":\"https:\/\/swisswhoswho.ch\/#\/schema\/logo\/image\/\",\"url\":\"https:\/\/swisswhoswho.ch\/wp-content\/uploads\/2025\/11\/Logo-SWW.png\",\"contentUrl\":\"https:\/\/swisswhoswho.ch\/wp-content\/uploads\/2025\/11\/Logo-SWW.png\",\"width\":107,\"height\":62,\"caption\":\"Swiss Who's Who\"},\"image\":{\"@id\":\"https:\/\/swisswhoswho.ch\/#\/schema\/logo\/image\/\"}}]}<\/script>\n<!-- \/ Yoast SEO plugin. -->","yoast_head_json":{"title":"Cesta - Qui\u00e9n es qui\u00e9n en Suiza","robots":{"index":"index","follow":"follow","max-snippet":"max-snippet:-1","max-image-preview":"max-image-preview:large","max-video-preview":"max-video-preview:-1"},"canonical":"https:\/\/swisswhoswho.ch\/es\/cesta\/","og_locale":"es_ES","og_type":"article","og_title":"Panier - Swiss Who&#039;s Who","og_description":"Valider votre panier Supprimer l\u2019\u00e9l\u00e9ment Miniature Produit Prix Quantit\u00e9 Sous-total &times; Pack Dictionnaire + Acc\u00e8s The Club &#67;&#72;&#70;&nbsp;800.00 quantit\u00e9 de Pack Dictionnaire + Acc\u00e8s The Club &#67;&#72;&#70;&nbsp;800.00 Totaux du panier Sous-total &#67;&#72;&#70;&nbsp;800.00 Total &#67;&#72;&#70;&nbsp;800.00 Passer \u00e0 la commande","og_url":"https:\/\/swisswhoswho.ch\/es\/cesta\/","og_site_name":"Swiss Who&#039;s Who","article_modified_time":"2026-01-22T13:51:15+00:00","og_image":[{"url":"https:\/\/swisswhoswho.ch\/wp-content\/uploads\/2025\/12\/Pack-Dictionnaire-Acces-The-Club-300x283.png","type":"","width":"","height":""}],"twitter_card":"summary_large_image","twitter_misc":{"Tiempo de lectura":"1 minuto"},"schema":{"@context":"https:\/\/schema.org","@graph":[{"@type":"WebPage","@id":"https:\/\/swisswhoswho.ch\/panier\/","url":"https:\/\/swisswhoswho.ch\/panier\/","name":"Cesta - Qui\u00e9n es qui\u00e9n en Suiza","isPartOf":{"@id":"https:\/\/swisswhoswho.ch\/#website"},"primaryImageOfPage":{"@id":"https:\/\/swisswhoswho.ch\/panier\/#primaryimage"},"image":{"@id":"https:\/\/swisswhoswho.ch\/panier\/#primaryimage"},"thumbnailUrl":"https:\/\/swisswhoswho.ch\/wp-content\/uploads\/2025\/12\/Pack-Dictionnaire-Acces-The-Club-300x283.png","datePublished":"2025-11-07T09:29:33+00:00","dateModified":"2026-01-22T13:51:15+00:00","breadcrumb":{"@id":"https:\/\/swisswhoswho.ch\/panier\/#breadcrumb"},"inLanguage":"es","potentialAction":[{"@type":"ReadAction","target":["https:\/\/swisswhoswho.ch\/panier\/"]}]},{"@type":"ImageObject","inLanguage":"es","@id":"https:\/\/swisswhoswho.ch\/panier\/#primaryimage","url":"https:\/\/swisswhoswho.ch\/wp-content\/uploads\/2025\/12\/Pack-Dictionnaire-Acces-The-Club-300x283.png","contentUrl":"https:\/\/swisswhoswho.ch\/wp-content\/uploads\/2025\/12\/Pack-Dictionnaire-Acces-The-Club-300x283.png"},{"@type":"BreadcrumbList","@id":"https:\/\/swisswhoswho.ch\/panier\/#breadcrumb","itemListElement":[{"@type":"ListItem","position":1,"name":"Accueil","item":"https:\/\/swisswhoswho.ch\/"},{"@type":"ListItem","position":2,"name":"Panier"}]},{"@type":"WebSite","@id":"https:\/\/swisswhoswho.ch\/#website","url":"https:\/\/swisswhoswho.ch\/","name":"Qui\u00e9n es qui\u00e9n en Suiza","description":"","publisher":{"@id":"https:\/\/swisswhoswho.ch\/#organization"},"potentialAction":[{"@type":"SearchAction","target":{"@type":"EntryPoint","urlTemplate":"https:\/\/swisswhoswho.ch\/?s={search_term_string}"},"query-input":{"@type":"PropertyValueSpecification","valueRequired":true,"valueName":"search_term_string"}}],"inLanguage":"es"},{"@type":"Organization","@id":"https:\/\/swisswhoswho.ch\/#organization","name":"Qui\u00e9n es qui\u00e9n en Suiza","url":"https:\/\/swisswhoswho.ch\/","logo":{"@type":"ImageObject","inLanguage":"es","@id":"https:\/\/swisswhoswho.ch\/#\/schema\/logo\/image\/","url":"https:\/\/swisswhoswho.ch\/wp-content\/uploads\/2025\/11\/Logo-SWW.png","contentUrl":"https:\/\/swisswhoswho.ch\/wp-content\/uploads\/2025\/11\/Logo-SWW.png","width":107,"height":62,"caption":"Swiss Who's Who"},"image":{"@id":"https:\/\/swisswhoswho.ch\/#\/schema\/logo\/image\/"}}]}},"_links":{"self":[{"href":"https:\/\/swisswhoswho.ch\/es\/wp-json\/wp\/v2\/pages\/14","targetHints":{"allow":["GET"]}}],"collection":[{"href":"https:\/\/swisswhoswho.ch\/es\/wp-json\/wp\/v2\/pages"}],"about":[{"href":"https:\/\/swisswhoswho.ch\/es\/wp-json\/wp\/v2\/types\/page"}],"author":[{"embeddable":true,"href":"https:\/\/swisswhoswho.ch\/es\/wp-json\/wp\/v2\/users\/1"}],"replies":[{"embeddable":true,"href":"https:\/\/swisswhoswho.ch\/es\/wp-json\/wp\/v2\/comments?post=14"}],"version-history":[{"count":9,"href":"https:\/\/swisswhoswho.ch\/es\/wp-json\/wp\/v2\/pages\/14\/revisions"}],"predecessor-version":[{"id":1093,"href":"https:\/\/swisswhoswho.ch\/es\/wp-json\/wp\/v2\/pages\/14\/revisions\/1093"}],"wp:attachment":[{"href":"https:\/\/swisswhoswho.ch\/es\/wp-json\/wp\/v2\/media?parent=14"}],"curies":[{"name":"wp","href":"https:\/\/api.w.org\/{rel}","templated":true}]}}