{"id":1839,"date":"2026-05-01T19:44:13","date_gmt":"2026-05-01T17:44:13","guid":{"rendered":"https:\/\/swisswhoswho.ch\/?page_id=1839"},"modified":"2026-05-04T09:27:17","modified_gmt":"2026-05-04T07:27:17","slug":"inscripcion-para-los-encuentros-de-jean-marc-quarin-en-lausana","status":"publish","type":"page","link":"https:\/\/swisswhoswho.ch\/es\/inscripcion-para-los-encuentros-de-jean-marc-quarin-en-lausana\/","title":{"rendered":"Inscripci\u00f3n para los Rencontres de Jean-Marc Quarin en Lausana"},"content":{"rendered":"<div data-elementor-type=\"wp-page\" data-elementor-id=\"1839\" class=\"elementor elementor-1839\" data-elementor-post-type=\"page\">\n\t\t\t\t<div class=\"elementor-element elementor-element-71710e0 e-flex e-con-boxed e-con e-parent\" data-id=\"71710e0\" data-element_type=\"container\" data-e-type=\"container\" data-settings=\"{&quot;background_background&quot;:&quot;classic&quot;}\">\n\t\t\t\t\t<div class=\"e-con-inner\">\n\t\t\t\t<div class=\"elementor-element elementor-element-01717ac elementor-widget elementor-widget-heading\" data-id=\"01717ac\" data-element_type=\"widget\" data-e-type=\"widget\" data-widget_type=\"heading.default\">\n\t\t\t\t\t<h1 class=\"elementor-heading-title elementor-size-default\">Inscripci\u00f3n para los Rencontres de Jean-Marc Quarin en Lausana <\/h1>\t\t\t\t<\/div>\n\t\t<div class=\"elementor-element elementor-element-e90ad75 e-con-full e-flex e-con e-child\" data-id=\"e90ad75\" data-element_type=\"container\" data-e-type=\"container\">\n\t\t\t\t<div class=\"elementor-element elementor-element-bc425fb elementor-mobile-align-justify elementor-widget-mobile__width-inherit elementor-widget elementor-widget-button\" data-id=\"bc425fb\" data-element_type=\"widget\" data-e-type=\"widget\" data-widget_type=\"button.default\">\n\t\t\t\t\t\t\t\t\t\t<a class=\"elementor-button elementor-button-link elementor-size-sm\" href=\"https:\/\/swisswhoswho.ch\/es\/ofertas-de-la-tienda\/\">\n\t\t\t\t\t\t<span class=\"elementor-button-content-wrapper\">\n\t\t\t\t\t\t\t\t\t<span class=\"elementor-button-text\">Afiliarse<\/span>\n\t\t\t\t\t<\/span>\n\t\t\t\t\t<\/a>\n\t\t\t\t\t\t\t\t<\/div>\n\t\t\t\t<div class=\"elementor-element elementor-element-c3ea941 elementor-mobile-align-justify elementor-widget-mobile__width-inherit elementor-widget elementor-widget-button\" data-id=\"c3ea941\" data-element_type=\"widget\" data-e-type=\"widget\" data-widget_type=\"button.default\">\n\t\t\t\t\t\t\t\t\t\t<a class=\"elementor-button elementor-button-link elementor-size-sm\" href=\"#inscriptions\">\n\t\t\t\t\t\t<span class=\"elementor-button-content-wrapper\">\n\t\t\t\t\t\t\t\t\t<span class=\"elementor-button-text\">Deseo inscribirme<\/span>\n\t\t\t\t\t<\/span>\n\t\t\t\t\t<\/a>\n\t\t\t\t\t\t\t\t<\/div>\n\t\t\t\t<\/div>\n\t\t\t\t\t<\/div>\n\t\t\t\t<\/div>\n\t\t<div class=\"elementor-element elementor-element-f360b23 e-flex e-con-boxed e-con e-parent\" data-id=\"f360b23\" data-element_type=\"container\" data-e-type=\"container\" data-settings=\"{&quot;background_background&quot;:&quot;classic&quot;}\">\n\t\t\t\t\t<div class=\"e-con-inner\">\n\t\t<div class=\"elementor-element elementor-element-e11361b e-con-full e-flex e-con e-child\" data-id=\"e11361b\" data-element_type=\"container\" data-e-type=\"container\">\n\t\t<div class=\"elementor-element elementor-element-660e06e e-con-full e-flex e-con e-child\" data-id=\"660e06e\" data-element_type=\"container\" data-e-type=\"container\">\n\t\t\t\t<div class=\"elementor-element elementor-element-547e321 elementor-view-stacked elementor-shape-square elementor-widget__width-initial elementor-widget elementor-widget-icon\" data-id=\"547e321\" data-element_type=\"widget\" data-e-type=\"widget\" data-widget_type=\"icon.default\">\n\t\t\t\t\t\t\t<div class=\"elementor-icon-wrapper\">\n\t\t\t<div class=\"elementor-icon\">\n\t\t\t<svg aria-hidden=\"true\" class=\"e-font-icon-svg e-fas-crown\" viewbox=\"0 0 640 512\" xmlns=\"http:\/\/www.w3.org\/2000\/svg\"><path d=\"M528 448H112c-8.8 0-16 7.2-16 16v32c0 8.8 7.2 16 16 16h416c8.8 0 16-7.2 16-16v-32c0-8.8-7.2-16-16-16zm64-320c-26.5 0-48 21.5-48 48 0 7.1 1.6 13.7 4.4 19.8L476 239.2c-15.4 9.2-35.3 4-44.2-11.6L350.3 85C361 76.2 368 63 368 48c0-26.5-21.5-48-48-48s-48 21.5-48 48c0 15 7 28.2 17.7 37l-81.5 142.6c-8.9 15.6-28.9 20.8-44.2 11.6l-72.3-43.4c2.7-6 4.4-12.7 4.4-19.8 0-26.5-21.5-48-48-48S0 149.5 0 176s21.5 48 48 48c2.6 0 5.2-.4 7.7-.8L128 416h384l72.3-192.8c2.5.4 5.1.8 7.7.8 26.5 0 48-21.5 48-48s-21.5-48-48-48z\"><\/path><\/svg>\t\t\t<\/div>\n\t\t<\/div>\n\t\t\t\t\t\t<\/div>\n\t\t\t\t<div class=\"elementor-element elementor-element-16576d7 elementor-widget elementor-widget-heading\" data-id=\"16576d7\" data-element_type=\"widget\" data-e-type=\"widget\" data-widget_type=\"heading.default\">\n\t\t\t\t\t<h2 class=\"elementor-heading-title elementor-size-default\">28 y 29 de mayo en Lausana<\/h2>\t\t\t\t<\/div>\n\t\t\t\t<\/div>\n\t\t\t\t<div class=\"elementor-element elementor-element-ae1505f elementor-widget elementor-widget-text-editor\" data-id=\"ae1505f\" data-element_type=\"widget\" data-e-type=\"widget\" data-widget_type=\"text-editor.default\">\n\t\t\t\t\t\t\t\t\t<p data-start=\"112\" data-end=\"326\">En <b>Reuniones <span class=\"hover:entity-accent entity-underline inline cursor-pointer align-baseline\"><span class=\"whitespace-normal\">Jean-Marc Quarin<\/span><\/span><\/b> re\u00fanen degustaciones excepcionales, acceso privilegiado a los productores e intercambios directos con los protagonistas de los m\u00e1s grandes ch\u00e2teaux.<\/p><p data-start=\"328\" data-end=\"594\">Una cena inaugural en <span class=\"hover:entity-accent entity-underline inline cursor-pointer align-baseline\"><span class=\"whitespace-normal\"><b>EHL Hospitality Business School<\/b><\/span><\/span>, talleres, seguidos de una gran degustaci\u00f3n en el <span class=\"hover:entity-accent entity-underline inline cursor-pointer align-baseline\"><span class=\"whitespace-normal\"><b>Lausana<\/b> <b>Palacio<\/b><\/span><\/span> Una forma totalmente nueva de disfrutar del vino, con an\u00e1lisis en primeur y asistencia in situ de expertos.<\/p>\t\t\t\t\t\t\t\t<\/div>\n\t\t\t\t<div class=\"elementor-element elementor-element-e2e2c89 elementor-mobile-align-justify elementor-widget-mobile__width-inherit elementor-widget elementor-widget-button\" data-id=\"e2e2c89\" data-element_type=\"widget\" data-e-type=\"widget\" data-widget_type=\"button.default\">\n\t\t\t\t\t\t\t\t\t\t<a class=\"elementor-button elementor-button-link elementor-size-sm\" href=\"#inscriptions\">\n\t\t\t\t\t\t<span class=\"elementor-button-content-wrapper\">\n\t\t\t\t\t\t\t\t\t<span class=\"elementor-button-text\">Deseo inscribirme<\/span>\n\t\t\t\t\t<\/span>\n\t\t\t\t\t<\/a>\n\t\t\t\t\t\t\t\t<\/div>\n\t\t\t\t<\/div>\n\t\t<div class=\"elementor-element elementor-element-7e5c6ef e-con-full e-flex e-con e-child\" data-id=\"7e5c6ef\" data-element_type=\"container\" data-e-type=\"container\">\n\t\t\t\t<div class=\"elementor-element elementor-element-23f710e elementor-widget elementor-widget-image\" data-id=\"23f710e\" data-element_type=\"widget\" data-e-type=\"widget\" data-widget_type=\"image.default\">\n\t\t\t\t\t\t\t\t\t\t\t\t\t\t\t<img fetchpriority=\"high\" decoding=\"async\" width=\"586\" height=\"573\" src=\"https:\/\/swisswhoswho.ch\/wp-content\/uploads\/2026\/05\/rencontres-quarin-swiss-whos-who.png\" class=\"attachment-large size-large wp-image-1841\" alt=\"\" srcset=\"https:\/\/swisswhoswho.ch\/wp-content\/uploads\/2026\/05\/rencontres-quarin-swiss-whos-who.png 586w, https:\/\/swisswhoswho.ch\/wp-content\/uploads\/2026\/05\/rencontres-quarin-swiss-whos-who-300x293.png 300w, https:\/\/swisswhoswho.ch\/wp-content\/uploads\/2026\/05\/rencontres-quarin-swiss-whos-who-12x12.png 12w\" sizes=\"(max-width: 586px) 100vw, 586px\" \/>\t\t\t\t\t\t\t\t\t\t\t\t\t\t\t<\/div>\n\t\t\t\t<\/div>\n\t\t\t\t\t<\/div>\n\t\t\t\t<\/div>\n\t\t<div class=\"elementor-element elementor-element-c7f7ac9 e-flex e-con-boxed e-con e-parent\" data-id=\"c7f7ac9\" data-element_type=\"container\" data-e-type=\"container\" id=\"inscriptions\" data-settings=\"{&quot;background_background&quot;:&quot;gradient&quot;}\">\n\t\t\t\t\t<div class=\"e-con-inner\">\n\t\t<div class=\"elementor-element elementor-element-a2a88f8 e-con-full e-flex e-con e-child\" data-id=\"a2a88f8\" data-element_type=\"container\" data-e-type=\"container\">\n\t\t<div class=\"elementor-element elementor-element-49220ca e-con-full e-flex e-con e-child\" data-id=\"49220ca\" data-element_type=\"container\" data-e-type=\"container\">\n\t\t\t\t<div class=\"elementor-element elementor-element-373d61a elementor-view-stacked elementor-shape-square elementor-widget__width-auto elementor-widget elementor-widget-icon\" data-id=\"373d61a\" data-element_type=\"widget\" data-e-type=\"widget\" data-widget_type=\"icon.default\">\n\t\t\t\t\t\t\t<div class=\"elementor-icon-wrapper\">\n\t\t\t<div class=\"elementor-icon\">\n\t\t\t<svg aria-hidden=\"true\" class=\"e-font-icon-svg e-fas-pen-nib\" viewbox=\"0 0 512 512\" xmlns=\"http:\/\/www.w3.org\/2000\/svg\"><path d=\"M136.6 138.79a64.003 64.003 0 0 0-43.31 41.35L0 460l14.69 14.69L164.8 324.58c-2.99-6.26-4.8-13.18-4.8-20.58 0-26.51 21.49-48 48-48s48 21.49 48 48-21.49 48-48 48c-7.4 0-14.32-1.81-20.58-4.8L37.31 497.31 52 512l279.86-93.29a64.003 64.003 0 0 0 41.35-43.31L416 224 288 96l-151.4 42.79zm361.34-64.62l-60.11-60.11c-18.75-18.75-49.16-18.75-67.91 0l-56.55 56.55 128.02 128.02 56.55-56.55c18.75-18.75 18.75-49.15 0-67.91z\"><\/path><\/svg>\t\t\t<\/div>\n\t\t<\/div>\n\t\t\t\t\t\t<\/div>\n\t\t\t\t<div class=\"elementor-element elementor-element-9215afd elementor-widget elementor-widget-heading\" data-id=\"9215afd\" data-element_type=\"widget\" data-e-type=\"widget\" data-widget_type=\"heading.default\">\n\t\t\t\t\t<h2 class=\"elementor-heading-title elementor-size-default\">Formulario de inscripci\u00f3n<\/h2>\t\t\t\t<\/div>\n\t\t\t\t<\/div>\n\t\t\t\t<div class=\"elementor-element elementor-element-9b50c84 elementor-widget__width-initial elementor-widget elementor-widget-text-editor\" data-id=\"9b50c84\" data-element_type=\"widget\" data-e-type=\"widget\" data-widget_type=\"text-editor.default\">\n\t\t\t\t\t\t\t\t\t<p><span style=\"background-color: transparent;\"><b>Les Rencontres de Jean-Marc Quarin, 28 y 29 de mayo de 2026<\/b><\/span><\/p>\t\t\t\t\t\t\t\t<\/div>\n\t\t\t\t<div class=\"elementor-element elementor-element-a5e1d74 elementor-button-align-center elementor-widget__width-inherit elementor-widget elementor-widget-form\" data-id=\"a5e1d74\" data-element_type=\"widget\" data-e-type=\"widget\" data-settings=\"{&quot;step_next_label&quot;:&quot;Suivant&quot;,&quot;step_previous_label&quot;:&quot;Pr\\u00e9c\\u00e9dent&quot;,&quot;button_width&quot;:&quot;100&quot;,&quot;step_type&quot;:&quot;number_text&quot;,&quot;step_icon_shape&quot;:&quot;circle&quot;}\" data-widget_type=\"form.default\">\n\t\t\t\t\t\t\t<form class=\"elementor-form\" method=\"post\" name=\"Contact\" aria-label=\"P\u00f3ngase en contacto con\" action=\"\">\n\t\t\t<input type=\"hidden\" name=\"post_id\" value=\"1839\"\/>\n\t\t\t<input type=\"hidden\" name=\"form_id\" value=\"a5e1d74\"\/>\n\t\t\t<input type=\"hidden\" name=\"referer_title\" value=\"Swiss Who&#039;s Who\" \/>\n\n\t\t\t\n\t\t\t<div class=\"elementor-form-fields-wrapper elementor-labels-\">\n\t\t\t\t\t\t\t\t<div class=\"elementor-field-type-text elementor-field-group elementor-column elementor-field-group-nom elementor-col-50 elementor-field-required\">\n\t\t\t\t\t\t\t\t\t\t\t\t<label for=\"form-field-nom\" class=\"elementor-field-label elementor-screen-only\">\n\t\t\t\t\t\t\t\tNombre\t\t\t\t\t\t\t<\/label>\n\t\t\t\t\t\t\t\t\t\t\t\t\t\t<input size=\"1\" type=\"text\" name=\"form_fields[nom]\" id=\"form-field-nom\" class=\"elementor-field elementor-size-sm  elementor-field-textual\" placeholder=\"Nombre *\" required=\"required\">\n\t\t\t\t\t\t\t\t\t\t\t<\/div>\n\t\t\t\t\t\t\t\t<div class=\"elementor-field-type-text elementor-field-group elementor-column elementor-field-group-prenom elementor-col-50 elementor-field-required\">\n\t\t\t\t\t\t\t\t\t\t\t\t<label for=\"form-field-prenom\" class=\"elementor-field-label elementor-screen-only\">\n\t\t\t\t\t\t\t\tNombre\t\t\t\t\t\t\t<\/label>\n\t\t\t\t\t\t\t\t\t\t\t\t\t\t<input size=\"1\" type=\"text\" name=\"form_fields[prenom]\" id=\"form-field-prenom\" class=\"elementor-field elementor-size-sm  elementor-field-textual\" placeholder=\"Nombre *\" required=\"required\">\n\t\t\t\t\t\t\t\t\t\t\t<\/div>\n\t\t\t\t\t\t\t\t<div class=\"elementor-field-type-email elementor-field-group elementor-column elementor-field-group-email elementor-col-50 elementor-field-required\">\n\t\t\t\t\t\t\t\t\t\t\t\t<label for=\"form-field-email\" class=\"elementor-field-label elementor-screen-only\">\n\t\t\t\t\t\t\t\tCorreo electr\u00f3nico\t\t\t\t\t\t\t<\/label>\n\t\t\t\t\t\t\t\t\t\t\t\t\t\t<input size=\"1\" type=\"email\" name=\"form_fields[email]\" id=\"form-field-email\" class=\"elementor-field elementor-size-sm  elementor-field-textual\" placeholder=\"direcci\u00f3n de correo electr\u00f3nico\" required=\"required\">\n\t\t\t\t\t\t\t\t\t\t\t<\/div>\n\t\t\t\t\t\t\t\t<div class=\"elementor-field-type-number elementor-field-group elementor-column elementor-field-group-sujet elementor-col-50 elementor-field-required\">\n\t\t\t\t\t\t\t\t\t\t\t\t<label for=\"form-field-sujet\" class=\"elementor-field-label elementor-screen-only\">\n\t\t\t\t\t\t\t\tN\u00famero de participantes\t\t\t\t\t\t\t<\/label>\n\t\t\t\t\t\t\t\t\t<input type=\"number\" name=\"form_fields[sujet]\" id=\"form-field-sujet\" class=\"elementor-field elementor-size-sm  elementor-field-textual\" placeholder=\"N\u00famero de participantes *\" required=\"required\" min=\"\" max=\"\" >\n\t\t\t\t\t\t<\/div>\n\t\t\t\t\t\t\t\t<div class=\"elementor-field-type-acceptance elementor-field-group elementor-column elementor-field-group-nlpd elementor-col-100 elementor-field-required\">\n\t\t\t\t\t\t\t\t\t\t\t\t<label for=\"form-field-nlpd\" class=\"elementor-field-label elementor-screen-only\">\n\t\t\t\t\t\t\t\tnLPD\t\t\t\t\t\t\t<\/label>\n\t\t\t\t\t\t\t\t<div class=\"elementor-field-subgroup\">\n\t\t\t<span class=\"elementor-field-option\">\n\t\t\t\t<input type=\"checkbox\" name=\"form_fields[nlpd]\" id=\"form-field-nlpd\" class=\"elementor-field elementor-size-sm  elementor-acceptance-field\" required=\"required\">\n\t\t\t\t<label for=\"form-field-nlpd\">Acepto las condiciones generales de uso*. <a href=\"\/es\/nlpd\/\" target=\"_blank\">M\u00e1s informaci\u00f3n<\/a>.<\/label>\t\t\t<\/span>\n\t\t<\/div>\n\t\t\t\t\t\t<\/div>\n\t\t\t\t\t\t\t\t<div class=\"elementor-field-type-text\">\n\t\t\t\t\t<input size=\"1\" type=\"text\" name=\"form_fields[field_48f1599]\" id=\"form-field-field_48f1599\" class=\"elementor-field elementor-size-sm\" style=\"display:none !important;\">\t\t\t\t<\/div>\n\t\t\t\t\t\t\t\t<div class=\"elementor-field-type-recaptcha_v3 elementor-field-group elementor-column elementor-field-group-field_8cd5765 elementor-col-100 recaptcha_v3-bottomright\">\n\t\t\t\t\t<div class=\"elementor-field\" id=\"form-field-field_8cd5765\"><div class=\"elementor-g-recaptcha\" data-sitekey=\"6LcQTF4sAAAAAPMXVrdbVWZbBLEfvhSvthiuUgaA\" data-type=\"v3\" data-action=\"Form\" data-badge=\"bottomright\" data-size=\"invisible\"><\/div><\/div>\t\t\t\t<\/div>\n\t\t\t\t\t\t\t\t<div class=\"elementor-field-group elementor-column elementor-field-type-submit elementor-col-100 e-form__buttons\">\n\t\t\t\t\t<button class=\"elementor-button elementor-size-sm\" type=\"submit\">\n\t\t\t\t\t\t<span class=\"elementor-button-content-wrapper\">\n\t\t\t\t\t\t\t\t\t\t\t\t\t\t\t\t\t\t\t\t\t\t<span class=\"elementor-button-text\">Voy a participar<\/span>\n\t\t\t\t\t\t\t\t\t\t\t\t\t<\/span>\n\t\t\t\t\t<\/button>\n\t\t\t\t<\/div>\n\t\t\t<\/div>\n\t\t<input type=\"hidden\" name=\"trp-form-language\" value=\"es\"\/><\/form>\n\t\t\t\t\t\t<\/div>\n\t\t\t\t<\/div>\n\t\t\t\t\t<\/div>\n\t\t\t\t<\/div>\n\t\t\t\t<\/div>","protected":false},"excerpt":{"rendered":"<p>Inscriptions aux Rencontres de Jean-Marc Quarin \u00e0 Lausanne Devenir membre Je m&rsquo;inscris Les 28 et 29 mai \u00e0 Lausanne Les Rencontres Jean-Marc Quarin r\u00e9unissent d\u00e9gustations d\u2019exception, acc\u00e8s privil\u00e9gi\u00e9 aux producteurs et \u00e9changes directs avec les acteurs des plus grands ch\u00e2teaux. Un d\u00eener inaugural \u00e0 EHL Hospitality Business School, des ateliers pointus, puis une grande d\u00e9gustation [&hellip;]<\/p>","protected":false},"author":1,"featured_media":0,"parent":0,"menu_order":0,"comment_status":"closed","ping_status":"closed","template":"","meta":{"_acf_changed":false,"pmpro_default_level":"","footnotes":""},"class_list":["post-1839","page","type-page","status-publish","hentry","pmpro-has-access"],"acf":[],"yoast_head":"<!-- This site is optimized with the Yoast SEO plugin v26.8 - https:\/\/yoast.com\/product\/yoast-seo-wordpress\/ -->\n<title>Inscriptions aux Rencontres de Jean-Marc Quarin \u00e0 Lausanne - Swiss Who&#039;s Who<\/title>\n<meta name=\"description\" content=\"Inscrivez-vous aux Rencontres de Jean-Marc Quarin, organis\u00e9 \u00e0 Lausanne en compagnie du Swiss Who&#039;s Who les 28 et 29 mai 2026.\" \/>\n<meta name=\"robots\" content=\"index, follow, max-snippet:-1, max-image-preview:large, max-video-preview:-1\" \/>\n<link rel=\"canonical\" href=\"https:\/\/swisswhoswho.ch\/es\/inscripcion-para-los-encuentros-de-jean-marc-quarin-en-lausana\/\" \/>\n<meta property=\"og:locale\" content=\"es_ES\" \/>\n<meta property=\"og:type\" content=\"article\" \/>\n<meta property=\"og:title\" content=\"Inscriptions aux Rencontres de Jean-Marc Quarin \u00e0 Lausanne - Swiss Who&#039;s Who\" \/>\n<meta property=\"og:description\" content=\"Inscrivez-vous aux Rencontres de Jean-Marc Quarin, organis\u00e9 \u00e0 Lausanne en compagnie du Swiss Who&#039;s Who les 28 et 29 mai 2026.\" \/>\n<meta property=\"og:url\" content=\"https:\/\/swisswhoswho.ch\/es\/inscripcion-para-los-encuentros-de-jean-marc-quarin-en-lausana\/\" \/>\n<meta property=\"og:site_name\" content=\"Swiss Who&#039;s Who\" \/>\n<meta property=\"article:modified_time\" content=\"2026-05-04T07:27:17+00:00\" \/>\n<meta property=\"og:image\" content=\"https:\/\/swisswhoswho.ch\/wp-content\/uploads\/2026\/05\/rencontres-quarin-swiss-whos-who.png\" \/>\n\t<meta property=\"og:image:width\" content=\"586\" \/>\n\t<meta property=\"og:image:height\" content=\"573\" \/>\n\t<meta property=\"og:image:type\" content=\"image\/png\" \/>\n<meta name=\"twitter:card\" content=\"summary_large_image\" \/>\n<meta name=\"twitter:label1\" content=\"Tiempo de lectura\" \/>\n\t<meta name=\"twitter:data1\" content=\"1 minuto\" \/>\n<script type=\"application\/ld+json\" class=\"yoast-schema-graph\">{\"@context\":\"https:\/\/schema.org\",\"@graph\":[{\"@type\":\"WebPage\",\"@id\":\"https:\/\/swisswhoswho.ch\/inscriptions-aux-rencontres-de-jean-marc-quarin-a-lausanne\/\",\"url\":\"https:\/\/swisswhoswho.ch\/inscriptions-aux-rencontres-de-jean-marc-quarin-a-lausanne\/\",\"name\":\"Inscriptions aux Rencontres de Jean-Marc Quarin \u00e0 Lausanne - Swiss Who&#039;s Who\",\"isPartOf\":{\"@id\":\"https:\/\/swisswhoswho.ch\/#website\"},\"primaryImageOfPage\":{\"@id\":\"https:\/\/swisswhoswho.ch\/inscriptions-aux-rencontres-de-jean-marc-quarin-a-lausanne\/#primaryimage\"},\"image\":{\"@id\":\"https:\/\/swisswhoswho.ch\/inscriptions-aux-rencontres-de-jean-marc-quarin-a-lausanne\/#primaryimage\"},\"thumbnailUrl\":\"https:\/\/swisswhoswho.ch\/wp-content\/uploads\/2026\/05\/rencontres-quarin-swiss-whos-who.png\",\"datePublished\":\"2026-05-01T17:44:13+00:00\",\"dateModified\":\"2026-05-04T07:27:17+00:00\",\"description\":\"Inscrivez-vous aux Rencontres de Jean-Marc Quarin, organis\u00e9 \u00e0 Lausanne en compagnie du Swiss Who's Who les 28 et 29 mai 2026.\",\"breadcrumb\":{\"@id\":\"https:\/\/swisswhoswho.ch\/inscriptions-aux-rencontres-de-jean-marc-quarin-a-lausanne\/#breadcrumb\"},\"inLanguage\":\"es\",\"potentialAction\":[{\"@type\":\"ReadAction\",\"target\":[\"https:\/\/swisswhoswho.ch\/inscriptions-aux-rencontres-de-jean-marc-quarin-a-lausanne\/\"]}]},{\"@type\":\"ImageObject\",\"inLanguage\":\"es\",\"@id\":\"https:\/\/swisswhoswho.ch\/inscriptions-aux-rencontres-de-jean-marc-quarin-a-lausanne\/#primaryimage\",\"url\":\"https:\/\/swisswhoswho.ch\/wp-content\/uploads\/2026\/05\/rencontres-quarin-swiss-whos-who.png\",\"contentUrl\":\"https:\/\/swisswhoswho.ch\/wp-content\/uploads\/2026\/05\/rencontres-quarin-swiss-whos-who.png\"},{\"@type\":\"BreadcrumbList\",\"@id\":\"https:\/\/swisswhoswho.ch\/inscriptions-aux-rencontres-de-jean-marc-quarin-a-lausanne\/#breadcrumb\",\"itemListElement\":[{\"@type\":\"ListItem\",\"position\":1,\"name\":\"Accueil\",\"item\":\"https:\/\/swisswhoswho.ch\/\"},{\"@type\":\"ListItem\",\"position\":2,\"name\":\"Inscriptions aux Rencontres de Jean-Marc Quarin \u00e0 Lausanne\"}]},{\"@type\":\"WebSite\",\"@id\":\"https:\/\/swisswhoswho.ch\/#website\",\"url\":\"https:\/\/swisswhoswho.ch\/\",\"name\":\"Swiss Who's Who\",\"description\":\"\",\"publisher\":{\"@id\":\"https:\/\/swisswhoswho.ch\/#organization\"},\"potentialAction\":[{\"@type\":\"SearchAction\",\"target\":{\"@type\":\"EntryPoint\",\"urlTemplate\":\"https:\/\/swisswhoswho.ch\/?s={search_term_string}\"},\"query-input\":{\"@type\":\"PropertyValueSpecification\",\"valueRequired\":true,\"valueName\":\"search_term_string\"}}],\"inLanguage\":\"es\"},{\"@type\":\"Organization\",\"@id\":\"https:\/\/swisswhoswho.ch\/#organization\",\"name\":\"Swiss Who's Who\",\"url\":\"https:\/\/swisswhoswho.ch\/\",\"logo\":{\"@type\":\"ImageObject\",\"inLanguage\":\"es\",\"@id\":\"https:\/\/swisswhoswho.ch\/#\/schema\/logo\/image\/\",\"url\":\"https:\/\/swisswhoswho.ch\/wp-content\/uploads\/2025\/11\/Logo-SWW.png\",\"contentUrl\":\"https:\/\/swisswhoswho.ch\/wp-content\/uploads\/2025\/11\/Logo-SWW.png\",\"width\":107,\"height\":62,\"caption\":\"Swiss Who's Who\"},\"image\":{\"@id\":\"https:\/\/swisswhoswho.ch\/#\/schema\/logo\/image\/\"}}]}<\/script>\n<!-- \/ Yoast SEO plugin. -->","yoast_head_json":{"title":"Inscripci\u00f3n para los Encuentros Jean-Marc Quarin en Lausana - Qui\u00e9n es qui\u00e9n en Suiza","description":"Inscr\u00edbase en los Rencontres de Jean-Marc Quarin, organizados en Lausana con Swiss Who's Who los d\u00edas 28 y 29 de mayo de 2026.","robots":{"index":"index","follow":"follow","max-snippet":"max-snippet:-1","max-image-preview":"max-image-preview:large","max-video-preview":"max-video-preview:-1"},"canonical":"https:\/\/swisswhoswho.ch\/es\/inscripcion-para-los-encuentros-de-jean-marc-quarin-en-lausana\/","og_locale":"es_ES","og_type":"article","og_title":"Inscriptions aux Rencontres de Jean-Marc Quarin \u00e0 Lausanne - Swiss Who&#039;s Who","og_description":"Inscrivez-vous aux Rencontres de Jean-Marc Quarin, organis\u00e9 \u00e0 Lausanne en compagnie du Swiss Who's Who les 28 et 29 mai 2026.","og_url":"https:\/\/swisswhoswho.ch\/es\/inscripcion-para-los-encuentros-de-jean-marc-quarin-en-lausana\/","og_site_name":"Swiss Who&#039;s Who","article_modified_time":"2026-05-04T07:27:17+00:00","og_image":[{"width":586,"height":573,"url":"https:\/\/swisswhoswho.ch\/wp-content\/uploads\/2026\/05\/rencontres-quarin-swiss-whos-who.png","type":"image\/png"}],"twitter_card":"summary_large_image","twitter_misc":{"Tiempo de lectura":"1 minuto"},"schema":{"@context":"https:\/\/schema.org","@graph":[{"@type":"WebPage","@id":"https:\/\/swisswhoswho.ch\/inscriptions-aux-rencontres-de-jean-marc-quarin-a-lausanne\/","url":"https:\/\/swisswhoswho.ch\/inscriptions-aux-rencontres-de-jean-marc-quarin-a-lausanne\/","name":"Inscripci\u00f3n para los Encuentros Jean-Marc Quarin en Lausana - Qui\u00e9n es qui\u00e9n en Suiza","isPartOf":{"@id":"https:\/\/swisswhoswho.ch\/#website"},"primaryImageOfPage":{"@id":"https:\/\/swisswhoswho.ch\/inscriptions-aux-rencontres-de-jean-marc-quarin-a-lausanne\/#primaryimage"},"image":{"@id":"https:\/\/swisswhoswho.ch\/inscriptions-aux-rencontres-de-jean-marc-quarin-a-lausanne\/#primaryimage"},"thumbnailUrl":"https:\/\/swisswhoswho.ch\/wp-content\/uploads\/2026\/05\/rencontres-quarin-swiss-whos-who.png","datePublished":"2026-05-01T17:44:13+00:00","dateModified":"2026-05-04T07:27:17+00:00","description":"Inscr\u00edbase en los Rencontres de Jean-Marc Quarin, organizados en Lausana con Swiss Who's Who los d\u00edas 28 y 29 de mayo de 2026.","breadcrumb":{"@id":"https:\/\/swisswhoswho.ch\/inscriptions-aux-rencontres-de-jean-marc-quarin-a-lausanne\/#breadcrumb"},"inLanguage":"es","potentialAction":[{"@type":"ReadAction","target":["https:\/\/swisswhoswho.ch\/inscriptions-aux-rencontres-de-jean-marc-quarin-a-lausanne\/"]}]},{"@type":"ImageObject","inLanguage":"es","@id":"https:\/\/swisswhoswho.ch\/inscriptions-aux-rencontres-de-jean-marc-quarin-a-lausanne\/#primaryimage","url":"https:\/\/swisswhoswho.ch\/wp-content\/uploads\/2026\/05\/rencontres-quarin-swiss-whos-who.png","contentUrl":"https:\/\/swisswhoswho.ch\/wp-content\/uploads\/2026\/05\/rencontres-quarin-swiss-whos-who.png"},{"@type":"BreadcrumbList","@id":"https:\/\/swisswhoswho.ch\/inscriptions-aux-rencontres-de-jean-marc-quarin-a-lausanne\/#breadcrumb","itemListElement":[{"@type":"ListItem","position":1,"name":"Accueil","item":"https:\/\/swisswhoswho.ch\/"},{"@type":"ListItem","position":2,"name":"Inscriptions aux Rencontres de Jean-Marc Quarin \u00e0 Lausanne"}]},{"@type":"WebSite","@id":"https:\/\/swisswhoswho.ch\/#website","url":"https:\/\/swisswhoswho.ch\/","name":"Qui\u00e9n es qui\u00e9n en Suiza","description":"","publisher":{"@id":"https:\/\/swisswhoswho.ch\/#organization"},"potentialAction":[{"@type":"SearchAction","target":{"@type":"EntryPoint","urlTemplate":"https:\/\/swisswhoswho.ch\/?s={search_term_string}"},"query-input":{"@type":"PropertyValueSpecification","valueRequired":true,"valueName":"search_term_string"}}],"inLanguage":"es"},{"@type":"Organization","@id":"https:\/\/swisswhoswho.ch\/#organization","name":"Qui\u00e9n es qui\u00e9n en Suiza","url":"https:\/\/swisswhoswho.ch\/","logo":{"@type":"ImageObject","inLanguage":"es","@id":"https:\/\/swisswhoswho.ch\/#\/schema\/logo\/image\/","url":"https:\/\/swisswhoswho.ch\/wp-content\/uploads\/2025\/11\/Logo-SWW.png","contentUrl":"https:\/\/swisswhoswho.ch\/wp-content\/uploads\/2025\/11\/Logo-SWW.png","width":107,"height":62,"caption":"Swiss Who's Who"},"image":{"@id":"https:\/\/swisswhoswho.ch\/#\/schema\/logo\/image\/"}}]}},"_links":{"self":[{"href":"https:\/\/swisswhoswho.ch\/es\/wp-json\/wp\/v2\/pages\/1839","targetHints":{"allow":["GET"]}}],"collection":[{"href":"https:\/\/swisswhoswho.ch\/es\/wp-json\/wp\/v2\/pages"}],"about":[{"href":"https:\/\/swisswhoswho.ch\/es\/wp-json\/wp\/v2\/types\/page"}],"author":[{"embeddable":true,"href":"https:\/\/swisswhoswho.ch\/es\/wp-json\/wp\/v2\/users\/1"}],"replies":[{"embeddable":true,"href":"https:\/\/swisswhoswho.ch\/es\/wp-json\/wp\/v2\/comments?post=1839"}],"version-history":[{"count":31,"href":"https:\/\/swisswhoswho.ch\/es\/wp-json\/wp\/v2\/pages\/1839\/revisions"}],"predecessor-version":[{"id":1872,"href":"https:\/\/swisswhoswho.ch\/es\/wp-json\/wp\/v2\/pages\/1839\/revisions\/1872"}],"wp:attachment":[{"href":"https:\/\/swisswhoswho.ch\/es\/wp-json\/wp\/v2\/media?parent=1839"}],"curies":[{"name":"wp","href":"https:\/\/api.w.org\/{rel}","templated":true}]}}