{"id":1194,"date":"2026-01-14T14:16:52","date_gmt":"2026-01-14T13:16:52","guid":{"rendered":"https:\/\/swisswhoswho.ch\/?post_type=product&#038;p=1194"},"modified":"2026-02-09T13:06:34","modified_gmt":"2026-02-09T12:06:34","slug":"elite-la-afiliacion-al-club","status":"publish","type":"product","link":"https:\/\/swisswhoswho.ch\/es\/producto\/elite-la-afiliacion-al-club\/","title":{"rendered":"ELITE Afiliaci\u00f3n al Club"},"content":{"rendered":"<p>Le <b>estatus ELITE<\/b> le da acceso al c\u00edrculo privilegiado de Swiss Who's Who y a todos los servicios, eventos y experiencias que dan vida a la red.<\/p>\n<p>Condiciones<br \/>\n<b>- Valor acumulado de los servicios accesibles<\/b> &gt; 5.000 CHF \/ a\u00f1o<br \/>\n<b>- Cuota de afiliaci\u00f3n a ELITE<\/b> : <b>CHF 1.500 sin impuestos \/ a\u00f1o<\/b><\/p>","protected":false},"excerpt":{"rendered":"<h3>Sus ventajas ELITE<br aria-hidden=\"true\" \/><b><\/b><\/h3>\n<p><b>- Directorio Suizo Qui\u00e9n es Qui\u00e9n 2026<\/b><br aria-hidden=\"true\" \/>1 ejemplar impreso<br aria-hidden=\"true\" \/>Acceso a la versi\u00f3n PDF<\/p>\n<div><\/div>\n<p><b>- Plataforma digital privada de SWW - El Club<\/b><br aria-hidden=\"true\" \/>Contenido exclusivo, entrevistas<br aria-hidden=\"true\" \/>Presentaciones espec\u00edficas<\/p>\n<div><\/div>\n<p><b>- Eventos y redes<\/b><br aria-hidden=\"true\" \/>Invitaci\u00f3n a la <b>Reuni\u00f3n anual de SWW<\/b> (Ginebra 2026, Z\u00farich 2027)<br aria-hidden=\"true\" \/>Participaci\u00f3n en <b>Desayuno de dirigentes de SWW<\/b> (mensual, en l\u00ednea)<br aria-hidden=\"true\" \/>Acceso prioritario a los actos de SWW 2026<\/p>\n<div><\/div>\n<p><b>- Experiencias exclusivas<\/b><br aria-hidden=\"true\" \/>Entrada anual a los museos de arte moderno de Suiza<br aria-hidden=\"true\" \/>Invitaciones a eventos privados seleccionados<br aria-hidden=\"true\" \/>(Verbier, Montreux Jazz Caf\u00e9, Wine Testing, Swiss Deluxe Hotels, EHL...)<\/p>\n<div><\/div>\n<p><b>- Liderazgo y compromiso<\/b><br aria-hidden=\"true\" \/>Condiciones preferentes en los programas de liderazgo<br aria-hidden=\"true\" \/>Acceso a las iniciativas c\u00edvicas y filantr\u00f3picas de SWW<br aria-hidden=\"true\" \/>Posibilidad de cooptar a nuevos miembros<\/p>","protected":false},"featured_media":1399,"comment_status":"closed","ping_status":"closed","template":"","meta":{"_acf_changed":false,"pmpro_default_level":""},"product_brand":[],"product_cat":[15],"product_tag":[],"class_list":{"0":"post-1194","1":"product","2":"type-product","3":"status-publish","4":"has-post-thumbnail","6":"product_cat-non-classe","7":"pmpro-has-access","9":"first","10":"instock","11":"downloadable","12":"virtual","13":"taxable","14":"purchasable","15":"product-type-simple"},"acf":[],"yoast_head":"<!-- This site is optimized with the Yoast SEO plugin v26.8 - https:\/\/yoast.com\/product\/yoast-seo-wordpress\/ -->\n<title>Adh\u00e9sion ELITE The Club - Swiss Who&#039;s Who<\/title>\n<meta name=\"robots\" content=\"index, follow, max-snippet:-1, max-image-preview:large, max-video-preview:-1\" \/>\n<link rel=\"canonical\" href=\"https:\/\/swisswhoswho.ch\/es\/producto\/elite-la-afiliacion-al-club\/\" \/>\n<meta property=\"og:locale\" content=\"es_ES\" \/>\n<meta property=\"og:type\" content=\"article\" \/>\n<meta property=\"og:title\" content=\"Adh\u00e9sion ELITE The Club - Swiss Who&#039;s Who\" \/>\n<meta property=\"og:description\" content=\"Vos avantages ELITE \u2022 Swiss Who\u2019s Who Directory 20261 exemplaire imprim\u00e9Acc\u00e8s \u00e0 la version PDF  \u2022 Plateforme digitale priv\u00e9e SWW \u2013 The ClubContenus exclusifs, interviewsMises en relation cibl\u00e9es  \u2022 \u00c9v\u00e9nements &amp; networkingInvitation au SWW Annual Meeting (Gen\u00e8ve 2026, Zurich 2027)Participation aux SWW Leaders Breakfast (mensuels, online)Acc\u00e8s prioritaire aux \u00e9v\u00e9nements SWW 2026  \u2022 Exp\u00e9riences exclusivesAcc\u00e8s annuel aux mus\u00e9es d\u2019art moderne en SuisseInvitations \u00e0 des \u00e9v\u00e9nements priv\u00e9s s\u00e9lectionn\u00e9s(Verbier, Montreux Jazz Caf\u00e9, Wine Testing, Swiss Deluxe Hotels, EHL\u2026)  \u2022 Leadership &amp; engagementConditions pr\u00e9f\u00e9rentielles sur des programmes de leadershipAcc\u00e8s aux initiatives citoyennes et philanthropiques du SWWPossibilit\u00e9 de coopter de nouveaux membres\" \/>\n<meta property=\"og:url\" content=\"https:\/\/swisswhoswho.ch\/es\/producto\/elite-la-afiliacion-al-club\/\" \/>\n<meta property=\"og:site_name\" content=\"Swiss Who&#039;s Who\" \/>\n<meta property=\"article:modified_time\" content=\"2026-02-09T12:06:34+00:00\" \/>\n<meta property=\"og:image\" content=\"https:\/\/swisswhoswho.ch\/wp-content\/uploads\/2026\/01\/Adhesion-ELITE-The-Club-1024x682-1.jpg\" \/>\n\t<meta property=\"og:image:width\" content=\"1024\" \/>\n\t<meta property=\"og:image:height\" content=\"682\" \/>\n\t<meta property=\"og:image:type\" content=\"image\/jpeg\" \/>\n<meta name=\"twitter:card\" content=\"summary_large_image\" \/>\n<meta name=\"twitter:label1\" content=\"Tiempo de lectura\" \/>\n\t<meta name=\"twitter:data1\" content=\"1 minuto\" \/>\n<script type=\"application\/ld+json\" class=\"yoast-schema-graph\">{\"@context\":\"https:\/\/schema.org\",\"@graph\":[{\"@type\":\"WebPage\",\"@id\":\"https:\/\/swisswhoswho.ch\/produit\/adhesion-elite-the-club\/\",\"url\":\"https:\/\/swisswhoswho.ch\/produit\/adhesion-elite-the-club\/\",\"name\":\"Adh\u00e9sion ELITE The Club - Swiss Who&#039;s Who\",\"isPartOf\":{\"@id\":\"https:\/\/swisswhoswho.ch\/#website\"},\"primaryImageOfPage\":{\"@id\":\"https:\/\/swisswhoswho.ch\/produit\/adhesion-elite-the-club\/#primaryimage\"},\"image\":{\"@id\":\"https:\/\/swisswhoswho.ch\/produit\/adhesion-elite-the-club\/#primaryimage\"},\"thumbnailUrl\":\"https:\/\/swisswhoswho.ch\/wp-content\/uploads\/2026\/01\/Adhesion-ELITE-The-Club-1024x682-1.jpg\",\"datePublished\":\"2026-01-14T13:16:52+00:00\",\"dateModified\":\"2026-02-09T12:06:34+00:00\",\"breadcrumb\":{\"@id\":\"https:\/\/swisswhoswho.ch\/produit\/adhesion-elite-the-club\/#breadcrumb\"},\"inLanguage\":\"es\",\"potentialAction\":[{\"@type\":\"ReadAction\",\"target\":[\"https:\/\/swisswhoswho.ch\/produit\/adhesion-elite-the-club\/\"]}]},{\"@type\":\"ImageObject\",\"inLanguage\":\"es\",\"@id\":\"https:\/\/swisswhoswho.ch\/produit\/adhesion-elite-the-club\/#primaryimage\",\"url\":\"https:\/\/swisswhoswho.ch\/wp-content\/uploads\/2026\/01\/Adhesion-ELITE-The-Club-1024x682-1.jpg\",\"contentUrl\":\"https:\/\/swisswhoswho.ch\/wp-content\/uploads\/2026\/01\/Adhesion-ELITE-The-Club-1024x682-1.jpg\",\"width\":1024,\"height\":682},{\"@type\":\"BreadcrumbList\",\"@id\":\"https:\/\/swisswhoswho.ch\/produit\/adhesion-elite-the-club\/#breadcrumb\",\"itemListElement\":[{\"@type\":\"ListItem\",\"position\":1,\"name\":\"Accueil\",\"item\":\"https:\/\/swisswhoswho.ch\/\"},{\"@type\":\"ListItem\",\"position\":2,\"name\":\"Shop \/ Offres\",\"item\":\"https:\/\/swisswhoswho.ch\/shop-offres\/\"},{\"@type\":\"ListItem\",\"position\":3,\"name\":\"Adh\u00e9sion ELITE The Club\"}]},{\"@type\":\"WebSite\",\"@id\":\"https:\/\/swisswhoswho.ch\/#website\",\"url\":\"https:\/\/swisswhoswho.ch\/\",\"name\":\"Swiss Who's Who\",\"description\":\"\",\"publisher\":{\"@id\":\"https:\/\/swisswhoswho.ch\/#organization\"},\"potentialAction\":[{\"@type\":\"SearchAction\",\"target\":{\"@type\":\"EntryPoint\",\"urlTemplate\":\"https:\/\/swisswhoswho.ch\/?s={search_term_string}\"},\"query-input\":{\"@type\":\"PropertyValueSpecification\",\"valueRequired\":true,\"valueName\":\"search_term_string\"}}],\"inLanguage\":\"es\"},{\"@type\":\"Organization\",\"@id\":\"https:\/\/swisswhoswho.ch\/#organization\",\"name\":\"Swiss Who's Who\",\"url\":\"https:\/\/swisswhoswho.ch\/\",\"logo\":{\"@type\":\"ImageObject\",\"inLanguage\":\"es\",\"@id\":\"https:\/\/swisswhoswho.ch\/#\/schema\/logo\/image\/\",\"url\":\"https:\/\/swisswhoswho.ch\/wp-content\/uploads\/2025\/11\/Logo-SWW.png\",\"contentUrl\":\"https:\/\/swisswhoswho.ch\/wp-content\/uploads\/2025\/11\/Logo-SWW.png\",\"width\":107,\"height\":62,\"caption\":\"Swiss Who's Who\"},\"image\":{\"@id\":\"https:\/\/swisswhoswho.ch\/#\/schema\/logo\/image\/\"}}]}<\/script>\n<!-- \/ Yoast SEO plugin. -->","yoast_head_json":{"title":"Afiliaci\u00f3n a ELITE The Club - Qui\u00e9n es qui\u00e9n en Suiza","robots":{"index":"index","follow":"follow","max-snippet":"max-snippet:-1","max-image-preview":"max-image-preview:large","max-video-preview":"max-video-preview:-1"},"canonical":"https:\/\/swisswhoswho.ch\/es\/producto\/elite-la-afiliacion-al-club\/","og_locale":"es_ES","og_type":"article","og_title":"Adh\u00e9sion ELITE The Club - Swiss Who&#039;s Who","og_description":"Vos avantages ELITE \u2022 Swiss Who\u2019s Who Directory 20261 exemplaire imprim\u00e9Acc\u00e8s \u00e0 la version PDF  \u2022 Plateforme digitale priv\u00e9e SWW \u2013 The ClubContenus exclusifs, interviewsMises en relation cibl\u00e9es  \u2022 \u00c9v\u00e9nements &amp; networkingInvitation au SWW Annual Meeting (Gen\u00e8ve 2026, Zurich 2027)Participation aux SWW Leaders Breakfast (mensuels, online)Acc\u00e8s prioritaire aux \u00e9v\u00e9nements SWW 2026  \u2022 Exp\u00e9riences exclusivesAcc\u00e8s annuel aux mus\u00e9es d\u2019art moderne en SuisseInvitations \u00e0 des \u00e9v\u00e9nements priv\u00e9s s\u00e9lectionn\u00e9s(Verbier, Montreux Jazz Caf\u00e9, Wine Testing, Swiss Deluxe Hotels, EHL\u2026)  \u2022 Leadership &amp; engagementConditions pr\u00e9f\u00e9rentielles sur des programmes de leadershipAcc\u00e8s aux initiatives citoyennes et philanthropiques du SWWPossibilit\u00e9 de coopter de nouveaux membres","og_url":"https:\/\/swisswhoswho.ch\/es\/producto\/elite-la-afiliacion-al-club\/","og_site_name":"Swiss Who&#039;s Who","article_modified_time":"2026-02-09T12:06:34+00:00","og_image":[{"width":1024,"height":682,"url":"https:\/\/swisswhoswho.ch\/wp-content\/uploads\/2026\/01\/Adhesion-ELITE-The-Club-1024x682-1.jpg","type":"image\/jpeg"}],"twitter_card":"summary_large_image","twitter_misc":{"Tiempo de lectura":"1 minuto"},"schema":{"@context":"https:\/\/schema.org","@graph":[{"@type":"WebPage","@id":"https:\/\/swisswhoswho.ch\/produit\/adhesion-elite-the-club\/","url":"https:\/\/swisswhoswho.ch\/produit\/adhesion-elite-the-club\/","name":"Afiliaci\u00f3n a ELITE The Club - Qui\u00e9n es qui\u00e9n en Suiza","isPartOf":{"@id":"https:\/\/swisswhoswho.ch\/#website"},"primaryImageOfPage":{"@id":"https:\/\/swisswhoswho.ch\/produit\/adhesion-elite-the-club\/#primaryimage"},"image":{"@id":"https:\/\/swisswhoswho.ch\/produit\/adhesion-elite-the-club\/#primaryimage"},"thumbnailUrl":"https:\/\/swisswhoswho.ch\/wp-content\/uploads\/2026\/01\/Adhesion-ELITE-The-Club-1024x682-1.jpg","datePublished":"2026-01-14T13:16:52+00:00","dateModified":"2026-02-09T12:06:34+00:00","breadcrumb":{"@id":"https:\/\/swisswhoswho.ch\/produit\/adhesion-elite-the-club\/#breadcrumb"},"inLanguage":"es","potentialAction":[{"@type":"ReadAction","target":["https:\/\/swisswhoswho.ch\/produit\/adhesion-elite-the-club\/"]}]},{"@type":"ImageObject","inLanguage":"es","@id":"https:\/\/swisswhoswho.ch\/produit\/adhesion-elite-the-club\/#primaryimage","url":"https:\/\/swisswhoswho.ch\/wp-content\/uploads\/2026\/01\/Adhesion-ELITE-The-Club-1024x682-1.jpg","contentUrl":"https:\/\/swisswhoswho.ch\/wp-content\/uploads\/2026\/01\/Adhesion-ELITE-The-Club-1024x682-1.jpg","width":1024,"height":682},{"@type":"BreadcrumbList","@id":"https:\/\/swisswhoswho.ch\/produit\/adhesion-elite-the-club\/#breadcrumb","itemListElement":[{"@type":"ListItem","position":1,"name":"Accueil","item":"https:\/\/swisswhoswho.ch\/"},{"@type":"ListItem","position":2,"name":"Shop \/ Offres","item":"https:\/\/swisswhoswho.ch\/shop-offres\/"},{"@type":"ListItem","position":3,"name":"Adh\u00e9sion ELITE The Club"}]},{"@type":"WebSite","@id":"https:\/\/swisswhoswho.ch\/#website","url":"https:\/\/swisswhoswho.ch\/","name":"Qui\u00e9n es qui\u00e9n en Suiza","description":"","publisher":{"@id":"https:\/\/swisswhoswho.ch\/#organization"},"potentialAction":[{"@type":"SearchAction","target":{"@type":"EntryPoint","urlTemplate":"https:\/\/swisswhoswho.ch\/?s={search_term_string}"},"query-input":{"@type":"PropertyValueSpecification","valueRequired":true,"valueName":"search_term_string"}}],"inLanguage":"es"},{"@type":"Organization","@id":"https:\/\/swisswhoswho.ch\/#organization","name":"Qui\u00e9n es qui\u00e9n en Suiza","url":"https:\/\/swisswhoswho.ch\/","logo":{"@type":"ImageObject","inLanguage":"es","@id":"https:\/\/swisswhoswho.ch\/#\/schema\/logo\/image\/","url":"https:\/\/swisswhoswho.ch\/wp-content\/uploads\/2025\/11\/Logo-SWW.png","contentUrl":"https:\/\/swisswhoswho.ch\/wp-content\/uploads\/2025\/11\/Logo-SWW.png","width":107,"height":62,"caption":"Swiss Who's Who"},"image":{"@id":"https:\/\/swisswhoswho.ch\/#\/schema\/logo\/image\/"}}]}},"_links":{"self":[{"href":"https:\/\/swisswhoswho.ch\/es\/wp-json\/wp\/v2\/product\/1194","targetHints":{"allow":["GET"]}}],"collection":[{"href":"https:\/\/swisswhoswho.ch\/es\/wp-json\/wp\/v2\/product"}],"about":[{"href":"https:\/\/swisswhoswho.ch\/es\/wp-json\/wp\/v2\/types\/product"}],"replies":[{"embeddable":true,"href":"https:\/\/swisswhoswho.ch\/es\/wp-json\/wp\/v2\/comments?post=1194"}],"version-history":[{"count":11,"href":"https:\/\/swisswhoswho.ch\/es\/wp-json\/wp\/v2\/product\/1194\/revisions"}],"predecessor-version":[{"id":1391,"href":"https:\/\/swisswhoswho.ch\/es\/wp-json\/wp\/v2\/product\/1194\/revisions\/1391"}],"wp:featuredmedia":[{"embeddable":true,"href":"https:\/\/swisswhoswho.ch\/es\/wp-json\/wp\/v2\/media\/1399"}],"wp:attachment":[{"href":"https:\/\/swisswhoswho.ch\/es\/wp-json\/wp\/v2\/media?parent=1194"}],"wp:term":[{"taxonomy":"product_brand","embeddable":true,"href":"https:\/\/swisswhoswho.ch\/es\/wp-json\/wp\/v2\/product_brand?post=1194"},{"taxonomy":"product_cat","embeddable":true,"href":"https:\/\/swisswhoswho.ch\/es\/wp-json\/wp\/v2\/product_cat?post=1194"},{"taxonomy":"product_tag","embeddable":true,"href":"https:\/\/swisswhoswho.ch\/es\/wp-json\/wp\/v2\/product_tag?post=1194"}],"curies":[{"name":"wp","href":"https:\/\/api.w.org\/{rel}","templated":true}]}}