{"id":1487,"date":"2026-02-02T13:57:36","date_gmt":"2026-02-02T12:57:36","guid":{"rendered":"https:\/\/swisswhoswho.ch\/?page_id=1487"},"modified":"2026-02-02T14:05:57","modified_gmt":"2026-02-02T13:05:57","slug":"nlpd","status":"publish","type":"page","link":"https:\/\/swisswhoswho.ch\/it\/nlpd\/","title":{"rendered":"Protezione dei dati personali"},"content":{"rendered":"<div data-elementor-type=\"wp-page\" data-elementor-id=\"1487\" class=\"elementor elementor-1487\" data-elementor-post-type=\"page\">\n\t\t\t\t<div class=\"elementor-element elementor-element-549cd38 e-flex e-con-boxed e-con e-parent\" data-id=\"549cd38\" data-element_type=\"container\" data-e-type=\"container\" data-settings=\"{&quot;background_background&quot;:&quot;classic&quot;}\">\n\t\t\t\t\t<div class=\"e-con-inner\">\n\t\t\t\t<div class=\"elementor-element elementor-element-a56ec0b elementor-widget__width-initial elementor-widget elementor-widget-heading\" data-id=\"a56ec0b\" data-element_type=\"widget\" data-e-type=\"widget\" data-widget_type=\"heading.default\">\n\t\t\t\t\t<h1 class=\"elementor-heading-title elementor-size-default\">Protezione dei dati personali<\/h1>\t\t\t\t<\/div>\n\t\t\t\t\t<\/div>\n\t\t\t\t<\/div>\n\t\t<div class=\"elementor-element elementor-element-406df8d e-flex e-con-boxed e-con e-parent\" data-id=\"406df8d\" data-element_type=\"container\" data-e-type=\"container\">\n\t\t\t\t\t<div class=\"e-con-inner\">\n\t\t\t\t<div class=\"elementor-element elementor-element-4978a40 elementor-widget elementor-widget-text-editor\" data-id=\"4978a40\" data-element_type=\"widget\" data-e-type=\"widget\" data-widget_type=\"text-editor.default\">\n\t\t\t\t\t\t\t\t\t<p>La normativa svizzera in materia di protezione dei dati personali \u00e8 stata oggetto di importanti modifiche, sfociate nel Regolamento generale sulla nuova legge sulla protezione dei dati (nLPD) del 1\u00b0 settembre 2023.<\/p>\n<p>La nostra azienda, desiderosa di rispettare le normative in grado di migliorare le relazioni con i nostri clienti europei, si \u00e8 adeguata ed esprime in questa carta il suo attaccamento alla qualit\u00e0 del servizio fornito ai nostri clienti, siano essi Privati o Professionisti.<\/p>\n<p>Questo nuovo regolamento, che si applica ai cittadini europei che non sono professionisti e sono quindi considerati \u00abindividui\u00bb, rafforza il controllo del cittadino sull'uso dei suoi dati. Il regolamento si applica a tutti i trattamenti di dati personali, automatizzati e non, indipendentemente dal fatto che i dati siano contenuti in un file o destinati a essere inseriti in un file.<\/p>\n<h3>Cosa si intende per dati personali di un individuo?<\/h3>\n<p>Per definizione, i dati personali sono: \u00abQualsiasi informazione relativa a una persona fisica identificata direttamente (cognome, nome) o indirettamente (tramite un identificativo, un numero di cliente, un numero di telefono, ecc.) L'identificazione di una persona fisica pu\u00f2 basarsi su un singolo dato (numero ABS o SS) o sull'incrocio di un insieme di dati.<\/p>\n<h3>Quali dati personali possiamo raccogliere?<\/h3>\n<p>Raccogliamo solo dati appropriati e pertinenti, strettamente limitati all'esecuzione del servizio da voi ordinato e, con il vostro consenso, dati relativi alle nostre attivit\u00e0 commerciali e di canvassing.<\/p>\n<h3>Perch\u00e9 abbiamo bisogno di raccogliere e trattare i vostri dati personali?<\/h3>\n<p>I vostri dati personali vengono raccolti e trattati per consentirci di concludere, gestire, modificare ed eseguire il servizio da voi ordinato e, con il vostro consenso, per informarvi sui servizi e sui prodotti di cui potete usufruire presso di noi.&nbsp;<span style=\"font-weight: 700;\">Swiss Who's Who S\u00e0rl<\/span>.<\/p>\n<h3>A chi vengono trasmessi i vostri dati personali?<\/h3>\n<p>I vostri dati personali saranno utilizzati dai dipendenti di <b>Swiss Who's Who S\u00e0rl<\/b> in base alla loro funzione e ad alcuni dei nostri subappaltatori. Tutto il nostro personale \u00e8 stato formato e rispetta la nLPD. Anche i nostri subappaltatori rispettano i requisiti della direttiva nLPD al fine di garantire la corretta esecuzione del servizio ordinato. Nessuna delle informazioni raccolte viene trasferita o venduta a terzi che non siano subappaltatori riconosciuti. I dati sono ospitati esclusivamente in Svizzera e in Europa.<\/p>\n<h3>Per quanto tempo conserviamo i vostri dati personali?<\/h3>\n<p>I dati personali raccolti ed elaborati nell'ambito di un servizio ordinato, di un contatto commerciale o di un follow-up delle vendite vengono conservati secondo i termini di prescrizione stabiliti dalla legge in base alla natura del contratto e in conformit\u00e0 alle norme svizzere, ossia 10 anni. Nel caso di attivit\u00e0 commerciali, i dati personali vengono conservati per 2 anni dalla data di raccolta o dall'ultimo contatto con l'interessato. I dati vengono poi resi anonimi per preservare la base per gli studi statistici dell'azienda.<\/p>\n<h3>Quali misure di sicurezza sono state adottate per proteggere i vostri dati?<\/h3>\n<p>In conformit\u00e0 al Regolamento generale sulla protezione dei dati personali, l'utente dispone di una serie di diritti:<\/p>\n<ul>\n<li>Diritto di accesso: \u00e8 possibile ottenere informazioni sul trattamento dei propri dati personali e una copia di tali dati.<\/li>\n<li>Diritto di rettifica: se ritenete che i vostri dati personali siano inesatti o incompleti, potete chiedere che vengano modificati di conseguenza.<\/li>\n<li>Diritto alla cancellazione: l'utente pu\u00f2 richiedere la cancellazione dei propri dati personali nella misura consentita dalla legge.<\/li>\n<li>Diritto di limitare il trattamento: l'utente pu\u00f2 chiedere che il trattamento dei suoi dati personali sia limitato.<\/li>\n<li>Diritto di opposizione: potete opporvi al trattamento dei vostri dati personali per motivi legati alla vostra situazione particolare. Avete il diritto assoluto di opporvi al trattamento dei vostri dati personali ai fini del canvassing commerciale, compresa la profilazione associata a tale canvassing.<\/li>\n<li>Avete il diritto di definire direttive relative alla conservazione, alla cancellazione o alla comunicazione dei vostri dati personali, applicabili dopo la vostra morte.<\/li>\n<li>Diritto di ritirare il consenso: se avete dato il vostro consenso al trattamento dei vostri dati personali, avete il diritto di ritirarlo in qualsiasi momento.<\/li>\n<\/ul>\n<p>\u00c8 possibile esercitare tali diritti scrivendo a&nbsp;<span style=\"font-weight: 700;\">Swiss Who's Who S\u00e0rl<\/span>&nbsp;- 8 bis rue de la Tannerie 1227 Carouge, Ginevra - Svizzera o via e-mail a&nbsp;<a href=\"mailto:contact@swisswhoswho.ch\" target=\"_blank\">contact@swisswhoswho.ch<\/a>.<\/p>\n<h3>Quali diritti avete?<\/h3>\n<p>Per definizione, i dati personali sono: \u00abQualsiasi informazione relativa a una persona fisica identificata direttamente (cognome, nome) o indirettamente (tramite un identificativo, un numero di cliente, un numero di telefono, ecc.) L'identificazione di una persona fisica pu\u00f2 basarsi su un singolo dato (numero ABS o SS) o sull'incrocio di un insieme di dati.<\/p>\t\t\t\t\t\t\t\t<\/div>\n\t\t\t\t\t<\/div>\n\t\t\t\t<\/div>\n\t\t\t\t<\/div>","protected":false},"excerpt":{"rendered":"<p>Protezione dei dati personali La normativa svizzera in materia di protezione dei dati personali ha subito importanti modifiche, sfociate nel Regolamento generale sulla nuova legge sulla protezione dei dati (nLPD) del 1\u00b0 settembre 2023. La nostra azienda si impegna a rispettare la normativa al fine di migliorare i rapporti con [...].<\/p>","protected":false},"author":1,"featured_media":0,"parent":0,"menu_order":0,"comment_status":"closed","ping_status":"closed","template":"","meta":{"_acf_changed":false,"pmpro_default_level":"","footnotes":""},"class_list":["post-1487","page","type-page","status-publish","hentry","pmpro-has-access"],"acf":[],"yoast_head":"<!-- This site is optimized with the Yoast SEO plugin v26.8 - https:\/\/yoast.com\/product\/yoast-seo-wordpress\/ -->\n<title>Protection des donn\u00e9es personnelles - Swiss Who&#039;s Who<\/title>\n<meta name=\"robots\" content=\"index, follow, max-snippet:-1, max-image-preview:large, max-video-preview:-1\" \/>\n<link rel=\"canonical\" href=\"https:\/\/swisswhoswho.ch\/it\/nlpd\/\" \/>\n<meta property=\"og:locale\" content=\"it_IT\" \/>\n<meta property=\"og:type\" content=\"article\" \/>\n<meta property=\"og:title\" content=\"Protection des donn\u00e9es personnelles - Swiss Who&#039;s Who\" \/>\n<meta property=\"og:description\" content=\"Protection des donn\u00e9es personnelles La r\u00e9glementation suisse relative \u00e0 la protection des donn\u00e9es \u00e0 caract\u00e8re personnel conna\u00eet une \u00e9volution majeure qui a donn\u00e9 lieu au R\u00e8glement G\u00e9n\u00e9ral \u00e0 la Nouvelle Loi sur la Protection des Donn\u00e9es \u00ab nLPD \u00bb du 1er septembre 2023. Notre soci\u00e9t\u00e9, soucieuse de respecter les r\u00e9glementations capables d\u2019am\u00e9liorer les relations avec [&hellip;]\" \/>\n<meta property=\"og:url\" content=\"https:\/\/swisswhoswho.ch\/it\/nlpd\/\" \/>\n<meta property=\"og:site_name\" content=\"Swiss Who&#039;s Who\" \/>\n<meta property=\"article:modified_time\" content=\"2026-02-02T13:05:57+00:00\" \/>\n<meta name=\"twitter:card\" content=\"summary_large_image\" \/>\n<meta name=\"twitter:label1\" content=\"Tempo di lettura stimato\" \/>\n\t<meta name=\"twitter:data1\" content=\"4 minuti\" \/>\n<script type=\"application\/ld+json\" class=\"yoast-schema-graph\">{\"@context\":\"https:\/\/schema.org\",\"@graph\":[{\"@type\":\"WebPage\",\"@id\":\"https:\/\/swisswhoswho.ch\/nlpd\/\",\"url\":\"https:\/\/swisswhoswho.ch\/nlpd\/\",\"name\":\"Protection des donn\u00e9es personnelles - Swiss Who&#039;s Who\",\"isPartOf\":{\"@id\":\"https:\/\/swisswhoswho.ch\/#website\"},\"datePublished\":\"2026-02-02T12:57:36+00:00\",\"dateModified\":\"2026-02-02T13:05:57+00:00\",\"breadcrumb\":{\"@id\":\"https:\/\/swisswhoswho.ch\/nlpd\/#breadcrumb\"},\"inLanguage\":\"it-IT\",\"potentialAction\":[{\"@type\":\"ReadAction\",\"target\":[\"https:\/\/swisswhoswho.ch\/nlpd\/\"]}]},{\"@type\":\"BreadcrumbList\",\"@id\":\"https:\/\/swisswhoswho.ch\/nlpd\/#breadcrumb\",\"itemListElement\":[{\"@type\":\"ListItem\",\"position\":1,\"name\":\"Accueil\",\"item\":\"https:\/\/swisswhoswho.ch\/\"},{\"@type\":\"ListItem\",\"position\":2,\"name\":\"Protection des donn\u00e9es personnelles\"}]},{\"@type\":\"WebSite\",\"@id\":\"https:\/\/swisswhoswho.ch\/#website\",\"url\":\"https:\/\/swisswhoswho.ch\/\",\"name\":\"Swiss Who's Who\",\"description\":\"\",\"publisher\":{\"@id\":\"https:\/\/swisswhoswho.ch\/#organization\"},\"potentialAction\":[{\"@type\":\"SearchAction\",\"target\":{\"@type\":\"EntryPoint\",\"urlTemplate\":\"https:\/\/swisswhoswho.ch\/?s={search_term_string}\"},\"query-input\":{\"@type\":\"PropertyValueSpecification\",\"valueRequired\":true,\"valueName\":\"search_term_string\"}}],\"inLanguage\":\"it-IT\"},{\"@type\":\"Organization\",\"@id\":\"https:\/\/swisswhoswho.ch\/#organization\",\"name\":\"Swiss Who's Who\",\"url\":\"https:\/\/swisswhoswho.ch\/\",\"logo\":{\"@type\":\"ImageObject\",\"inLanguage\":\"it-IT\",\"@id\":\"https:\/\/swisswhoswho.ch\/#\/schema\/logo\/image\/\",\"url\":\"https:\/\/swisswhoswho.ch\/wp-content\/uploads\/2025\/11\/Logo-SWW.png\",\"contentUrl\":\"https:\/\/swisswhoswho.ch\/wp-content\/uploads\/2025\/11\/Logo-SWW.png\",\"width\":107,\"height\":62,\"caption\":\"Swiss Who's Who\"},\"image\":{\"@id\":\"https:\/\/swisswhoswho.ch\/#\/schema\/logo\/image\/\"}}]}<\/script>\n<!-- \/ Yoast SEO plugin. -->","yoast_head_json":{"title":"Protezione dei dati personali - Swiss Who's Who","robots":{"index":"index","follow":"follow","max-snippet":"max-snippet:-1","max-image-preview":"max-image-preview:large","max-video-preview":"max-video-preview:-1"},"canonical":"https:\/\/swisswhoswho.ch\/it\/nlpd\/","og_locale":"it_IT","og_type":"article","og_title":"Protection des donn\u00e9es personnelles - Swiss Who&#039;s Who","og_description":"Protection des donn\u00e9es personnelles La r\u00e9glementation suisse relative \u00e0 la protection des donn\u00e9es \u00e0 caract\u00e8re personnel conna\u00eet une \u00e9volution majeure qui a donn\u00e9 lieu au R\u00e8glement G\u00e9n\u00e9ral \u00e0 la Nouvelle Loi sur la Protection des Donn\u00e9es \u00ab nLPD \u00bb du 1er septembre 2023. Notre soci\u00e9t\u00e9, soucieuse de respecter les r\u00e9glementations capables d\u2019am\u00e9liorer les relations avec [&hellip;]","og_url":"https:\/\/swisswhoswho.ch\/it\/nlpd\/","og_site_name":"Swiss Who&#039;s Who","article_modified_time":"2026-02-02T13:05:57+00:00","twitter_card":"summary_large_image","twitter_misc":{"Tempo di lettura stimato":"4 minuti"},"schema":{"@context":"https:\/\/schema.org","@graph":[{"@type":"WebPage","@id":"https:\/\/swisswhoswho.ch\/nlpd\/","url":"https:\/\/swisswhoswho.ch\/nlpd\/","name":"Protezione dei dati personali - Swiss Who's Who","isPartOf":{"@id":"https:\/\/swisswhoswho.ch\/#website"},"datePublished":"2026-02-02T12:57:36+00:00","dateModified":"2026-02-02T13:05:57+00:00","breadcrumb":{"@id":"https:\/\/swisswhoswho.ch\/nlpd\/#breadcrumb"},"inLanguage":"it-IT","potentialAction":[{"@type":"ReadAction","target":["https:\/\/swisswhoswho.ch\/nlpd\/"]}]},{"@type":"BreadcrumbList","@id":"https:\/\/swisswhoswho.ch\/nlpd\/#breadcrumb","itemListElement":[{"@type":"ListItem","position":1,"name":"Accueil","item":"https:\/\/swisswhoswho.ch\/"},{"@type":"ListItem","position":2,"name":"Protection des donn\u00e9es personnelles"}]},{"@type":"WebSite","@id":"https:\/\/swisswhoswho.ch\/#website","url":"https:\/\/swisswhoswho.ch\/","name":"Who's Who svizzero","description":"","publisher":{"@id":"https:\/\/swisswhoswho.ch\/#organization"},"potentialAction":[{"@type":"SearchAction","target":{"@type":"EntryPoint","urlTemplate":"https:\/\/swisswhoswho.ch\/?s={search_term_string}"},"query-input":{"@type":"PropertyValueSpecification","valueRequired":true,"valueName":"search_term_string"}}],"inLanguage":"it-IT"},{"@type":"Organization","@id":"https:\/\/swisswhoswho.ch\/#organization","name":"Who's Who svizzero","url":"https:\/\/swisswhoswho.ch\/","logo":{"@type":"ImageObject","inLanguage":"it-IT","@id":"https:\/\/swisswhoswho.ch\/#\/schema\/logo\/image\/","url":"https:\/\/swisswhoswho.ch\/wp-content\/uploads\/2025\/11\/Logo-SWW.png","contentUrl":"https:\/\/swisswhoswho.ch\/wp-content\/uploads\/2025\/11\/Logo-SWW.png","width":107,"height":62,"caption":"Swiss Who's Who"},"image":{"@id":"https:\/\/swisswhoswho.ch\/#\/schema\/logo\/image\/"}}]}},"_links":{"self":[{"href":"https:\/\/swisswhoswho.ch\/it\/wp-json\/wp\/v2\/pages\/1487","targetHints":{"allow":["GET"]}}],"collection":[{"href":"https:\/\/swisswhoswho.ch\/it\/wp-json\/wp\/v2\/pages"}],"about":[{"href":"https:\/\/swisswhoswho.ch\/it\/wp-json\/wp\/v2\/types\/page"}],"author":[{"embeddable":true,"href":"https:\/\/swisswhoswho.ch\/it\/wp-json\/wp\/v2\/users\/1"}],"replies":[{"embeddable":true,"href":"https:\/\/swisswhoswho.ch\/it\/wp-json\/wp\/v2\/comments?post=1487"}],"version-history":[{"count":4,"href":"https:\/\/swisswhoswho.ch\/it\/wp-json\/wp\/v2\/pages\/1487\/revisions"}],"predecessor-version":[{"id":1497,"href":"https:\/\/swisswhoswho.ch\/it\/wp-json\/wp\/v2\/pages\/1487\/revisions\/1497"}],"wp:attachment":[{"href":"https:\/\/swisswhoswho.ch\/it\/wp-json\/wp\/v2\/media?parent=1487"}],"curies":[{"name":"wp","href":"https:\/\/api.w.org\/{rel}","templated":true}]}}