{"id":1154,"date":"2026-01-14T14:16:23","date_gmt":"2026-01-14T13:16:23","guid":{"rendered":"https:\/\/swisswhoswho.ch\/?post_type=product&#038;p=1154"},"modified":"2026-02-09T13:06:00","modified_gmt":"2026-02-09T12:06:00","slug":"iscrizione-premium-al-club","status":"publish","type":"product","link":"https:\/\/swisswhoswho.ch\/it\/prodotto\/iscrizione-premium-al-club\/","title":{"rendered":"Iscrizione al Club PREMIUM"},"content":{"rendered":"<p>Le <b>Stato PREMIUM<\/b> vi d\u00e0 accesso al nucleo dell'ecosistema Swiss Who's Who e alla piattaforma privata <b>SWW - Il Club<\/b>.<\/p>\n<div>Condizioni PREMIUM<br \/>\n<b>- Valore cumulativo dei servizi accessibili<\/b> &gt; CHF 3.500 \/ anno<br \/>\n<b>- Abbonamento PREMIUM<\/b> : <b>CHF 1.000 IVA esclusa\/anno<\/b><\/div>","protected":false},"excerpt":{"rendered":"<p>I vostri vantaggi PREMIUM<\/p>\n<p><b>- Elenco svizzero di chi \u00e8 2026<\/b><br aria-hidden=\"true\" \/>1 copia stampata<br aria-hidden=\"true\" \/>Accesso alla versione PDF<\/p>\n<p><b>- Piattaforma privata SWW - Il Club<\/b><br aria-hidden=\"true\" \/>Contenuti e interviste esclusive<br aria-hidden=\"true\" \/>Presentazioni mirate<\/p>\n<p><b>- Eventi e networking<\/b><br aria-hidden=\"true\" \/>Invito al <b>Riunione annuale SWW<\/b><br aria-hidden=\"true\" \/>(Ginevra 2026, Zurigo 2027)<br aria-hidden=\"true\" \/>Partecipazione a <b>Colazione dei leader SWW<\/b> (mensile, online)<\/p>\n<p><b>- Cultura, leadership e impegno<\/b><br aria-hidden=\"true\" \/>Ingresso annuale ai musei d'arte moderna in Svizzera<br aria-hidden=\"true\" \/>Condizioni preferenziali sui programmi di leadership<br aria-hidden=\"true\" \/>Accesso alle iniziative civiche e filantropiche della SWW<\/p>","protected":false},"featured_media":1398,"comment_status":"closed","ping_status":"closed","template":"","meta":{"_acf_changed":false,"pmpro_default_level":""},"product_brand":[],"product_cat":[15],"product_tag":[],"class_list":{"0":"post-1154","1":"product","2":"type-product","3":"status-publish","4":"has-post-thumbnail","6":"product_cat-non-classe","7":"pmpro-has-access","9":"first","10":"instock","11":"downloadable","12":"virtual","13":"taxable","14":"purchasable","15":"product-type-simple"},"acf":[],"yoast_head":"<!-- This site is optimized with the Yoast SEO plugin v26.8 - https:\/\/yoast.com\/product\/yoast-seo-wordpress\/ -->\n<title>Adh\u00e9sion PREMIUM The Club - Swiss Who&#039;s Who<\/title>\n<meta name=\"robots\" content=\"index, follow, max-snippet:-1, max-image-preview:large, max-video-preview:-1\" \/>\n<link rel=\"canonical\" href=\"https:\/\/swisswhoswho.ch\/it\/prodotto\/iscrizione-premium-al-club\/\" \/>\n<meta property=\"og:locale\" content=\"it_IT\" \/>\n<meta property=\"og:type\" content=\"article\" \/>\n<meta property=\"og:title\" content=\"Adh\u00e9sion PREMIUM The Club - Swiss Who&#039;s Who\" \/>\n<meta property=\"og:description\" content=\"Vos avantages PREMIUM  \u2022 Swiss Who\u2019s Who Directory 20261 exemplaire imprim\u00e9Acc\u00e8s \u00e0 la version PDF  \u2022 Plateforme priv\u00e9e SWW \u2013 The ClubContenus exclusifs et interviewsMises en relation cibl\u00e9es  \u2022 \u00c9v\u00e9nements &amp; networkingInvitation au SWW Annual Meeting(Gen\u00e8ve 2026, Zurich 2027)Participation aux SWW Leaders Breakfast (mensuels, online)  \u2022 Culture, leadership &amp; engagementAcc\u00e8s annuel aux mus\u00e9es d\u2019art moderne en SuisseConditions pr\u00e9f\u00e9rentielles sur des programmes de leadershipAcc\u00e8s aux initiatives citoyennes et philanthropiques du SWW\" \/>\n<meta property=\"og:url\" content=\"https:\/\/swisswhoswho.ch\/it\/prodotto\/iscrizione-premium-al-club\/\" \/>\n<meta property=\"og:site_name\" content=\"Swiss Who&#039;s Who\" \/>\n<meta property=\"article:modified_time\" content=\"2026-02-09T12:06:00+00:00\" \/>\n<meta property=\"og:image\" content=\"https:\/\/swisswhoswho.ch\/wp-content\/uploads\/2026\/01\/Adhesion-PREMIUM-The-Club-1024x682-1.jpg\" \/>\n\t<meta property=\"og:image:width\" content=\"1024\" \/>\n\t<meta property=\"og:image:height\" content=\"682\" \/>\n\t<meta property=\"og:image:type\" content=\"image\/jpeg\" \/>\n<meta name=\"twitter:card\" content=\"summary_large_image\" \/>\n<meta name=\"twitter:label1\" content=\"Tempo di lettura stimato\" \/>\n\t<meta name=\"twitter:data1\" content=\"1 minuto\" \/>\n<script type=\"application\/ld+json\" class=\"yoast-schema-graph\">{\"@context\":\"https:\/\/schema.org\",\"@graph\":[{\"@type\":\"WebPage\",\"@id\":\"https:\/\/swisswhoswho.ch\/produit\/adhesion-premium-the-club\/\",\"url\":\"https:\/\/swisswhoswho.ch\/produit\/adhesion-premium-the-club\/\",\"name\":\"Adh\u00e9sion PREMIUM The Club - Swiss Who&#039;s Who\",\"isPartOf\":{\"@id\":\"https:\/\/swisswhoswho.ch\/#website\"},\"primaryImageOfPage\":{\"@id\":\"https:\/\/swisswhoswho.ch\/produit\/adhesion-premium-the-club\/#primaryimage\"},\"image\":{\"@id\":\"https:\/\/swisswhoswho.ch\/produit\/adhesion-premium-the-club\/#primaryimage\"},\"thumbnailUrl\":\"https:\/\/swisswhoswho.ch\/wp-content\/uploads\/2026\/01\/Adhesion-PREMIUM-The-Club-1024x682-1.jpg\",\"datePublished\":\"2026-01-14T13:16:23+00:00\",\"dateModified\":\"2026-02-09T12:06:00+00:00\",\"breadcrumb\":{\"@id\":\"https:\/\/swisswhoswho.ch\/produit\/adhesion-premium-the-club\/#breadcrumb\"},\"inLanguage\":\"it-IT\",\"potentialAction\":[{\"@type\":\"ReadAction\",\"target\":[\"https:\/\/swisswhoswho.ch\/produit\/adhesion-premium-the-club\/\"]}]},{\"@type\":\"ImageObject\",\"inLanguage\":\"it-IT\",\"@id\":\"https:\/\/swisswhoswho.ch\/produit\/adhesion-premium-the-club\/#primaryimage\",\"url\":\"https:\/\/swisswhoswho.ch\/wp-content\/uploads\/2026\/01\/Adhesion-PREMIUM-The-Club-1024x682-1.jpg\",\"contentUrl\":\"https:\/\/swisswhoswho.ch\/wp-content\/uploads\/2026\/01\/Adhesion-PREMIUM-The-Club-1024x682-1.jpg\",\"width\":1024,\"height\":682},{\"@type\":\"BreadcrumbList\",\"@id\":\"https:\/\/swisswhoswho.ch\/produit\/adhesion-premium-the-club\/#breadcrumb\",\"itemListElement\":[{\"@type\":\"ListItem\",\"position\":1,\"name\":\"Accueil\",\"item\":\"https:\/\/swisswhoswho.ch\/\"},{\"@type\":\"ListItem\",\"position\":2,\"name\":\"Shop \/ Offres\",\"item\":\"https:\/\/swisswhoswho.ch\/shop-offres\/\"},{\"@type\":\"ListItem\",\"position\":3,\"name\":\"Adh\u00e9sion PREMIUM The Club\"}]},{\"@type\":\"WebSite\",\"@id\":\"https:\/\/swisswhoswho.ch\/#website\",\"url\":\"https:\/\/swisswhoswho.ch\/\",\"name\":\"Swiss Who's Who\",\"description\":\"\",\"publisher\":{\"@id\":\"https:\/\/swisswhoswho.ch\/#organization\"},\"potentialAction\":[{\"@type\":\"SearchAction\",\"target\":{\"@type\":\"EntryPoint\",\"urlTemplate\":\"https:\/\/swisswhoswho.ch\/?s={search_term_string}\"},\"query-input\":{\"@type\":\"PropertyValueSpecification\",\"valueRequired\":true,\"valueName\":\"search_term_string\"}}],\"inLanguage\":\"it-IT\"},{\"@type\":\"Organization\",\"@id\":\"https:\/\/swisswhoswho.ch\/#organization\",\"name\":\"Swiss Who's Who\",\"url\":\"https:\/\/swisswhoswho.ch\/\",\"logo\":{\"@type\":\"ImageObject\",\"inLanguage\":\"it-IT\",\"@id\":\"https:\/\/swisswhoswho.ch\/#\/schema\/logo\/image\/\",\"url\":\"https:\/\/swisswhoswho.ch\/wp-content\/uploads\/2025\/11\/Logo-SWW.png\",\"contentUrl\":\"https:\/\/swisswhoswho.ch\/wp-content\/uploads\/2025\/11\/Logo-SWW.png\",\"width\":107,\"height\":62,\"caption\":\"Swiss Who's Who\"},\"image\":{\"@id\":\"https:\/\/swisswhoswho.ch\/#\/schema\/logo\/image\/\"}}]}<\/script>\n<!-- \/ Yoast SEO plugin. -->","yoast_head_json":{"title":"Iscrizione PREMIUM Il Club - Swiss Who's Who","robots":{"index":"index","follow":"follow","max-snippet":"max-snippet:-1","max-image-preview":"max-image-preview:large","max-video-preview":"max-video-preview:-1"},"canonical":"https:\/\/swisswhoswho.ch\/it\/prodotto\/iscrizione-premium-al-club\/","og_locale":"it_IT","og_type":"article","og_title":"Adh\u00e9sion PREMIUM The Club - Swiss Who&#039;s Who","og_description":"Vos avantages PREMIUM  \u2022 Swiss Who\u2019s Who Directory 20261 exemplaire imprim\u00e9Acc\u00e8s \u00e0 la version PDF  \u2022 Plateforme priv\u00e9e SWW \u2013 The ClubContenus exclusifs et interviewsMises en relation cibl\u00e9es  \u2022 \u00c9v\u00e9nements &amp; networkingInvitation au SWW Annual Meeting(Gen\u00e8ve 2026, Zurich 2027)Participation aux SWW Leaders Breakfast (mensuels, online)  \u2022 Culture, leadership &amp; engagementAcc\u00e8s annuel aux mus\u00e9es d\u2019art moderne en SuisseConditions pr\u00e9f\u00e9rentielles sur des programmes de leadershipAcc\u00e8s aux initiatives citoyennes et philanthropiques du SWW","og_url":"https:\/\/swisswhoswho.ch\/it\/prodotto\/iscrizione-premium-al-club\/","og_site_name":"Swiss Who&#039;s Who","article_modified_time":"2026-02-09T12:06:00+00:00","og_image":[{"width":1024,"height":682,"url":"https:\/\/swisswhoswho.ch\/wp-content\/uploads\/2026\/01\/Adhesion-PREMIUM-The-Club-1024x682-1.jpg","type":"image\/jpeg"}],"twitter_card":"summary_large_image","twitter_misc":{"Tempo di lettura stimato":"1 minuto"},"schema":{"@context":"https:\/\/schema.org","@graph":[{"@type":"WebPage","@id":"https:\/\/swisswhoswho.ch\/produit\/adhesion-premium-the-club\/","url":"https:\/\/swisswhoswho.ch\/produit\/adhesion-premium-the-club\/","name":"Iscrizione PREMIUM Il Club - Swiss Who's Who","isPartOf":{"@id":"https:\/\/swisswhoswho.ch\/#website"},"primaryImageOfPage":{"@id":"https:\/\/swisswhoswho.ch\/produit\/adhesion-premium-the-club\/#primaryimage"},"image":{"@id":"https:\/\/swisswhoswho.ch\/produit\/adhesion-premium-the-club\/#primaryimage"},"thumbnailUrl":"https:\/\/swisswhoswho.ch\/wp-content\/uploads\/2026\/01\/Adhesion-PREMIUM-The-Club-1024x682-1.jpg","datePublished":"2026-01-14T13:16:23+00:00","dateModified":"2026-02-09T12:06:00+00:00","breadcrumb":{"@id":"https:\/\/swisswhoswho.ch\/produit\/adhesion-premium-the-club\/#breadcrumb"},"inLanguage":"it-IT","potentialAction":[{"@type":"ReadAction","target":["https:\/\/swisswhoswho.ch\/produit\/adhesion-premium-the-club\/"]}]},{"@type":"ImageObject","inLanguage":"it-IT","@id":"https:\/\/swisswhoswho.ch\/produit\/adhesion-premium-the-club\/#primaryimage","url":"https:\/\/swisswhoswho.ch\/wp-content\/uploads\/2026\/01\/Adhesion-PREMIUM-The-Club-1024x682-1.jpg","contentUrl":"https:\/\/swisswhoswho.ch\/wp-content\/uploads\/2026\/01\/Adhesion-PREMIUM-The-Club-1024x682-1.jpg","width":1024,"height":682},{"@type":"BreadcrumbList","@id":"https:\/\/swisswhoswho.ch\/produit\/adhesion-premium-the-club\/#breadcrumb","itemListElement":[{"@type":"ListItem","position":1,"name":"Accueil","item":"https:\/\/swisswhoswho.ch\/"},{"@type":"ListItem","position":2,"name":"Shop \/ Offres","item":"https:\/\/swisswhoswho.ch\/shop-offres\/"},{"@type":"ListItem","position":3,"name":"Adh\u00e9sion PREMIUM The Club"}]},{"@type":"WebSite","@id":"https:\/\/swisswhoswho.ch\/#website","url":"https:\/\/swisswhoswho.ch\/","name":"Who's Who svizzero","description":"","publisher":{"@id":"https:\/\/swisswhoswho.ch\/#organization"},"potentialAction":[{"@type":"SearchAction","target":{"@type":"EntryPoint","urlTemplate":"https:\/\/swisswhoswho.ch\/?s={search_term_string}"},"query-input":{"@type":"PropertyValueSpecification","valueRequired":true,"valueName":"search_term_string"}}],"inLanguage":"it-IT"},{"@type":"Organization","@id":"https:\/\/swisswhoswho.ch\/#organization","name":"Who's Who svizzero","url":"https:\/\/swisswhoswho.ch\/","logo":{"@type":"ImageObject","inLanguage":"it-IT","@id":"https:\/\/swisswhoswho.ch\/#\/schema\/logo\/image\/","url":"https:\/\/swisswhoswho.ch\/wp-content\/uploads\/2025\/11\/Logo-SWW.png","contentUrl":"https:\/\/swisswhoswho.ch\/wp-content\/uploads\/2025\/11\/Logo-SWW.png","width":107,"height":62,"caption":"Swiss Who's Who"},"image":{"@id":"https:\/\/swisswhoswho.ch\/#\/schema\/logo\/image\/"}}]}},"_links":{"self":[{"href":"https:\/\/swisswhoswho.ch\/it\/wp-json\/wp\/v2\/product\/1154","targetHints":{"allow":["GET"]}}],"collection":[{"href":"https:\/\/swisswhoswho.ch\/it\/wp-json\/wp\/v2\/product"}],"about":[{"href":"https:\/\/swisswhoswho.ch\/it\/wp-json\/wp\/v2\/types\/product"}],"replies":[{"embeddable":true,"href":"https:\/\/swisswhoswho.ch\/it\/wp-json\/wp\/v2\/comments?post=1154"}],"version-history":[{"count":7,"href":"https:\/\/swisswhoswho.ch\/it\/wp-json\/wp\/v2\/product\/1154\/revisions"}],"predecessor-version":[{"id":1395,"href":"https:\/\/swisswhoswho.ch\/it\/wp-json\/wp\/v2\/product\/1154\/revisions\/1395"}],"wp:featuredmedia":[{"embeddable":true,"href":"https:\/\/swisswhoswho.ch\/it\/wp-json\/wp\/v2\/media\/1398"}],"wp:attachment":[{"href":"https:\/\/swisswhoswho.ch\/it\/wp-json\/wp\/v2\/media?parent=1154"}],"wp:term":[{"taxonomy":"product_brand","embeddable":true,"href":"https:\/\/swisswhoswho.ch\/it\/wp-json\/wp\/v2\/product_brand?post=1154"},{"taxonomy":"product_cat","embeddable":true,"href":"https:\/\/swisswhoswho.ch\/it\/wp-json\/wp\/v2\/product_cat?post=1154"},{"taxonomy":"product_tag","embeddable":true,"href":"https:\/\/swisswhoswho.ch\/it\/wp-json\/wp\/v2\/product_tag?post=1154"}],"curies":[{"name":"wp","href":"https:\/\/api.w.org\/{rel}","templated":true}]}}